{"id":8238,"date":"2024-01-22T21:18:10","date_gmt":"2024-01-22T20:18:10","guid":{"rendered":"https:\/\/sunvig.com\/cookie-erklaerung\/"},"modified":"2025-02-18T10:32:07","modified_gmt":"2025-02-18T09:32:07","slug":"cookie-erklaerung","status":"publish","type":"page","link":"https:\/\/sunvig.com\/de\/cookie-erklaerung\/","title":{"rendered":"Cookie Erkl\u00e4rung"},"content":{"rendered":"\t\t<div data-elementor-type=\"wp-page\" data-elementor-id=\"8238\" class=\"elementor elementor-8238 elementor-694\" data-elementor-post-type=\"page\">\n\t\t\t\t<div class=\"elementor-element elementor-element-71e5265 e-flex e-con-boxed e-con e-parent\" data-id=\"71e5265\" data-element_type=\"container\" data-e-type=\"container\" data-settings=\"{&quot;background_background&quot;:&quot;gradient&quot;,&quot;jet_parallax_layout_list&quot;:[],&quot;shape_divider_bottom&quot;:&quot;curve&quot;,&quot;shape_divider_bottom_negative&quot;:&quot;yes&quot;}\">\n\t\t\t\t\t<div class=\"e-con-inner\">\n\t\t\t\t<div class=\"elementor-shape elementor-shape-bottom\" aria-hidden=\"true\" data-negative=\"true\">\n\t\t\t<svg xmlns=\"http:\/\/www.w3.org\/2000\/svg\" viewBox=\"0 0 1000 100\" preserveAspectRatio=\"none\">\n\t<path class=\"elementor-shape-fill\" d=\"M500,97C126.7,96.3,0.8,19.8,0,0v100l1000,0V1C1000,19.4,873.3,97.8,500,97z\"\/>\n<\/svg>\t\t<\/div>\n\t\t\t\t\t<\/div>\n\t\t\t\t<\/div>\n\t\t<div class=\"elementor-element elementor-element-9106183 e-flex e-con-boxed e-con e-parent\" data-id=\"9106183\" data-element_type=\"container\" data-e-type=\"container\" data-settings=\"{&quot;jet_parallax_layout_list&quot;:[]}\">\n\t\t\t\t\t<div class=\"e-con-inner\">\n\t\t\t\t<div class=\"elementor-element elementor-element-5334ace elementor-widget elementor-widget-text-editor\" data-id=\"5334ace\" data-element_type=\"widget\" data-e-type=\"widget\" data-widget_type=\"text-editor.default\">\n\t\t\t\t<div class=\"elementor-widget-container\">\n\t\t\t\t\t\t\t\t\t\n<ol>\n \t<li>Diese Website www.sunvig.com verwendet Cookies. Ein Cookie ist eine einfache kleine Datei, die mit den Seiten dieser Website und\/oder Flash-Anwendungen gesendet wird und von Ihrem Browser auf der Festplatte Ihres Computers, Handys, Smartwatches oder Tablets gespeichert wird. Die darin gespeicherten Informationen k\u00f6nnen bei Ihrem n\u00e4chsten Besuch an unsere Server zur\u00fcckgesendet werden.  <\/li>\n<\/ol>\n<p class=\"has-primary-color has-text-color\">Die Verwendung von Cookies ist sehr wichtig f\u00fcr das ordnungsgem\u00e4\u00dfe Funktionieren unserer Website, aber auch Cookies, deren Effekt Sie nicht sofort sehen, sind sehr wichtig. Dank der (anonymen) Eingaben der Besucher k\u00f6nnen wir die Nutzung der Website verbessern und benutzerfreundlicher gestalten. <\/p>\n\n<ol class=\"has-primary-color has-text-color\" start=\"2\">\n \t<li>ZUSTIMMUNG ZUR VERWENDUNG VON COOKIES<\/li>\n<\/ol>\n<p class=\"has-primary-color has-text-color\">F\u00fcr die Verwendung bestimmter Cookies ist Ihre Zustimmung erforderlich. Dies geschieht durch ein sogenanntes Cookie-Banner. <\/p>\n\n<ol class=\"has-primary-color has-text-color\" start=\"3\">\n \t<li>ARTEN VON COOKIES UND IHRE ZWECKE<br><\/li>\n<\/ol>\n<p class=\"has-primary-color has-text-color\">Wir verwenden die folgenden Arten von Cookies:<\/p>\n<p class=\"has-primary-color has-text-color\">Funktionale Cookies: Diese erm\u00f6glichen es der Website, besser zu funktionieren und benutzerfreundlicher f\u00fcr den Besucher zu sein. Zum Beispiel: Wir speichern Ihre Login-Daten oder den Inhalt Ihres Warenkorbs. <\/p>\n\n<ul class=\"has-primary-color has-text-color\">\n \t<li>Anonyme Analyse-Cookies: Diese stellen sicher, dass jedes Mal, wenn Sie eine Website besuchen, ein anonymer Cookie generiert wird. Diese Cookies erkennen, ob Sie die Seite bereits zuvor besucht haben oder nicht. Nur beim ersten Besuch wird ein Cookie erstellt, bei sp\u00e4teren Besuchen wird das bereits vorhandene Cookie verwendet. Dieser Cookie wird nur zu statistischen Zwecken verwendet. So k\u00f6nnen die folgenden Daten gesammelt werden:    <\/li>\n \t<li>die Anzahl der eindeutigen Besucher<\/li>\n \t<li>wie oft Nutzer die Seite besuchen<\/li>\n \t<li>welche Seiten Nutzer anzeigen<\/li>\n \t<li>wie lange Nutzer eine bestimmte Seite anzeigen<\/li>\n \t<li>Auf welcher Seite Besucher die Website verlassen<\/li>\n \t<li>Analyse-Cookies: Diese stellen sicher, dass jedes Mal, wenn Sie eine Website besuchen, ein Cookie generiert wird. Diese Cookies erkennen, ob Sie die Seite bereits zuvor besucht haben oder nicht. Nur beim ersten Besuch wird ein Cookie erstellt, bei sp\u00e4teren Besuchen wird das bereits vorhandene Cookie verwendet. Dieser Cookie wird nur zu statistischen Zwecken verwendet. Er kann verwendet werden, um die folgenden Daten zu sammeln, wie zum Beispiel:    <\/li>\n \t<li>welche Seiten Sie aufgerufen haben<\/li>\n \t<li>wie lange Sie auf einer bestimmten Seite geblieben sind<\/li>\n \t<li>Auf welcher Seite Sie die Website verlassen haben<\/li>\n \t<li>Eigene Tracking-Cookies: Diese erm\u00f6glichen es uns zu wissen, dass Sie neben unserer Website auch andere Website(s) in unserem Netzwerk besucht haben. Das dadurch erstellte Profil wird nicht mit Ihrem Namen, Ihrer Adresse, E-Mail-Adresse oder \u00e4hnlichem verkn\u00fcpft, sondern wird nur verwendet, um Werbung an Ihr Profil anzupassen, damit diese f\u00fcr Sie so relevant wie m\u00f6glich ist. F\u00fcr diese Cookies bitten wir um Ihre Zustimmung. Ohne Ihre Zustimmung werden diese Cookies nicht gesetzt.   <\/li>\n \t<li>Tracking-Cookies von Dritten: Diese verfolgen die Seiten, die Sie im Internet besuchen, um Ihr pers\u00f6nliches Profil zu erstellen. Dieses Profil ist nicht mit Ihrem Namen, Ihrer Adresse, E-Mail-Adresse oder \u00e4hnlichem, das uns bekannt ist, verkn\u00fcpft, sondern wird nur verwendet, um Werbung an Ihr Profil anzupassen, damit diese f\u00fcr Sie so relevant wie m\u00f6glich ist. F\u00fcr diese Cookies bitten wir um Ihre Zustimmung. Ohne Ihre Zustimmung werden diese Cookies nicht gesetzt.   <\/li>\n \t<li>Cookies im Zusammenhang mit sozialen Medien: Diese registrieren, welche Artikel und Seiten Sie \u00fcber die Social-Media-Buttons zum Teilen, wie zum Beispiel Facebook und LinkedIn, teilen. Sie k\u00f6nnen auch Tracking-Cookies enthalten, die Ihr Surfverhalten im Web verfolgen. <\/li>\n \t<li>Cookies zur Verbesserung der Website\/Optimierungs-Cookies: Diese erm\u00f6glichen es uns, verschiedene Versionen einer Webseite zu testen, um herauszufinden, welche am meisten besucht wird.<\/li>\n<\/ul>\n<ol class=\"has-primary-color has-text-color\" start=\"4\">\n \t<li>HRE RECHTE IM BEZUG AUF IHRE DATEN<\/li>\n<\/ol>\n<p class=\"has-primary-color has-text-color\">Sie haben das Recht, auf Ihre pers\u00f6nlichen Daten zuzugreifen, sie zu berichtigen, die Verarbeitung einzuschr\u00e4nken und sie zu l\u00f6schen. Au\u00dferdem haben Sie das Recht, der Verarbeitung pers\u00f6nlicher Daten zu widersprechen und das Recht auf Daten\u00fcbertragbarkeit. Sie k\u00f6nnen diese Rechte aus\u00fcben, indem Sie eine E-Mail an <a href=\"mailto:support@sunvig.com\">support@sunvig.com<\/a>. senden. Um Missbrauch zu verhindern, k\u00f6nnen wir Sie bitten, sich entsprechend zu identifizieren. Wenn es um den Zugriff auf pers\u00f6nliche Daten geht, die mit einem Cookie verkn\u00fcpft sind, bitten wir Sie, eine Kopie des betreffenden Cookies zu senden. Sie finden dieses in den Einstellungen Ihres Browsers.     <\/p>\n\n<ol class=\"has-primary-color has-text-color\" start=\"5\">\n \t<li>BLOCKIEREN UND L\u00d6SCHEN VON COOKIES<\/li>\n<\/ol>\n<p class=\"has-primary-color has-text-color\">Sie k\u00f6nnen Cookies jederzeit ganz einfach selbst blockieren und l\u00f6schen, indem Sie Ihren Internetbrowser verwenden. Sie k\u00f6nnen auch Ihren Internetbrowser so einstellen, dass Sie eine Nachricht erhalten, wenn ein Cookie gesetzt wird. Au\u00dferdem k\u00f6nnen Sie angeben, dass bestimmte Cookies nicht gesetzt werden sollen. Weitere Informationen dazu finden Sie in der Hilfe-Funktion Ihres Browsers. Das L\u00f6schen von Cookies in Ihrem Browser kann Auswirkungen auf die angenehme Nutzung dieser Website haben.    <\/p>\n<p class=\"has-primary-color has-text-color\">Wie Sie Ihre Einstellungen anpassen k\u00f6nnen, h\u00e4ngt von Ihrem Browser ab. Wenn n\u00f6tig, konsultieren Sie die Hilfe-Funktion Ihres Browsers oder klicken Sie auf einen der untenstehenden Links, um direkt zum Handbuch Ihres Browsers zu gelangen. <\/p>\n\n<ul class=\"has-primary-color has-text-color\">\n \t<li><a href=\"https:\/\/support.google.com\/chrome\/answer\/95647?hl=nl\">Chrome<\/a><\/li>\n \t<li><a href=\"https:\/\/support.apple.com\/nl-nl\/HT201265\">Safari<\/a><\/li>\n \t<li><a href=\"https:\/\/support.mozilla.org\/nl\/kb\/cookies-verwijderen-gegevens-wissen-websites-opgeslagen\">Firefox<\/a><\/li>\n \t<li><a href=\"https:\/\/support.microsoft.com\/en-us\/windows\/microsoft-edge-browsing-data-and-privacy-bb8174ba-9d73-dcf2-9b4a-c582b4e640dd\">Internet Explorer Edge<\/a><\/li>\n<\/ul>\n<p class=\"has-primary-color has-text-color\"><strong>L\u00f6schen der Cookie-Historie<\/strong><\/p>\n<p class=\"has-primary-color has-text-color\">Wenn Sie oben &#8222;Marketing-Cookies ablehnen&#8220; gew\u00e4hlt haben, werden diese Cookies ab diesem Zeitpunkt nicht mehr gesetzt. Wenn Sie auch Ihre Cookie-Historie l\u00f6schen m\u00f6chten, k\u00f6nnen Sie dies f\u00fcr die verschiedenen Browser auf die folgende Weise tun. <\/p>\n\n<h4 class=\"wp-block-heading has-primary-color has-text-color\">COOKIES IN CHROME L\u00d6SCHEN:<\/h4>\n<ul class=\"has-primary-color has-text-color\">\n \t<li>Klicken Sie auf die 3 Punkte oben rechts. W\u00e4hlen Sie \u201eVerlauf\u201c und dann &gt; \u201eBrowserdaten l\u00f6schen\u201c <\/li>\n \t<li>Im Men\u00fc \u201eBrowserdaten l\u00f6schen\u201c haben Sie oben die Option, die Browserverlaufsdaten vom ersten Gebrauch bis hin zur letzten Stunde zu l\u00f6schen. Darunter w\u00e4hlen Sie die Elemente aus, die Sie l\u00f6schen m\u00f6chten. In jedem Fall setzen Sie ein H\u00e4kchen bei \u201eCookies und andere Website- und Plug-in-Daten\u201c.  <\/li>\n \t<li>Klicken Sie auf die Schaltfl\u00e4che \u201eBrowserdaten l\u00f6schen\u201c.<\/li>\n<\/ul>\n<h4 class=\"wp-block-heading has-primary-color has-text-color\">COOKIES IN SAFARI L\u00d6SCHEN:<\/h4>\n<ul class=\"has-primary-color has-text-color\">\n \t<li>\u00d6ffnen Sie Safari und gehen Sie zu \u201eSafari\u201c &gt; Einstellungen &gt; Datenschutz &gt; Gespeicherte Cookies und Daten l\u00f6schen &gt; Website-Daten verwalten &gt; Alle l\u00f6schen.<\/li>\n<\/ul>\n<h4 class=\"wp-block-heading has-primary-color has-text-color\">COOKIES IN FIREFOX L\u00d6SCHEN:<\/h4>\n<ul class=\"has-primary-color has-text-color\">\n \t<li>Klicken Sie auf die 3 Striche oben rechts und w\u00e4hlen Sie \u201eOptionen\u201c. &gt; Datenschutz &gt; Einzelne Cookies l\u00f6schen.<\/li>\n \t<li>Klicken Sie auf \u201eAlle l\u00f6schen\u201c.<\/li>\n<\/ul>\n<h4 class=\"wp-block-heading has-primary-color has-text-color\">COOKIES IN MICROSOFT EDGE L\u00d6SCHEN:<\/h4>\n<ul class=\"has-primary-color has-text-color\">\n \t<li>Klicken Sie auf die 3 Punkte oben rechts &gt; Einstellungen. Unter \u201eBrowserverlaufsdaten l\u00f6schen\u201c klicken Sie auf die Option \u201eAusw\u00e4hlen, was gel\u00f6scht werden soll\u201c. <\/li>\n \t<li>W\u00e4hlen Sie die Cookies aus (voreingestellt) &gt; Klicken Sie auf die Schaltfl\u00e4che \u201eL\u00f6schen\u201c.<\/li>\n<\/ul>\n<h4 class=\"wp-block-heading has-primary-color has-text-color\">COOKIES IN INTERNET EXPLORER L\u00d6SCHEN:<\/h4>\n<ul class=\"has-primary-color has-text-color\">\n \t<li>Klicken Sie auf das Zahnradsymbol in der oberen rechten Ecke&gt; W\u00e4hlen Sie \u201eInternetoptionen\u201c aus &gt; Registerkarte \u201eAllgemein\u201c. Unter \u201eBrowserverlauf\u201c klicken Sie auf \u201eL\u00f6schen\u201c. <\/li>\n \t<li>M\u00f6chten Sie nicht alles l\u00f6schen? Dann markieren Sie zumindest \u201eCookies und Websitedaten\u201c und klicken Sie auf \u201eL\u00f6schen\u201c. <\/li>\n<\/ul>\n<ol class=\"has-primary-color has-text-color\" start=\"6\">\n \t<li>NEUE ENTWICKLUNGEN UND UNVORHERGESEHENE COOKIES<\/li>\n<\/ol>\n<p class=\"has-primary-color has-text-color\">Die Texte unserer Website k\u00f6nnen jederzeit aufgrund laufender Entwicklungen ge\u00e4ndert werden. Dies gilt auch f\u00fcr unsere Cookie-Erkl\u00e4rung. Bitte lesen Sie diese Erkl\u00e4rung daher regelm\u00e4\u00dfig, um \u00fcber etwaige \u00c4nderungen informiert zu bleiben.  <\/p>\n<p class=\"has-primary-color has-text-color\">In Blog-Artikeln kann Inhalt verwendet werden, der auf anderen Seiten gehostet wird und \u00fcber bestimmte Codes (eingebetteter Inhalt) auf www.sunvig.com zug\u00e4nglich ist. Denken Sie zum Beispiel an YouTube-Videos. Diese Codes nutzen oft Cookies. Wir haben jedoch keinen Einfluss darauf, was diese Drittanbieter mit ihren Cookies machen.   <\/p>\n<p class=\"has-primary-color has-text-color\">Es ist auch m\u00f6glich, dass durch unsere Websites Cookies von anderen gesetzt werden, von denen wir nicht immer Kenntnis haben. Sto\u00dfen Sie auf unvorhergesehene Cookies auf unserer Website, die Sie nicht in unserer \u00dcbersicht finden? Lassen Sie es uns bitte \u00fcber support@sunvig.com wissen. Sie k\u00f6nnen auch direkt den Drittanbieter kontaktieren und fragen, welche Cookies sie gesetzt haben, aus welchem Grund, die Lebensdauer des Cookies und wie sie Ihre Privatsph\u00e4re gew\u00e4hrleisten.   <\/p>\n\n<ol class=\"has-primary-color has-text-color\" start=\"7\">\n \t<li>SCHLUSSBEMERKUNGEN<\/li>\n<\/ol>\n<p class=\"has-primary-color has-text-color\">Wir m\u00fcssen diese Aussagen von Zeit zu Zeit anpassen, zum Beispiel wenn wir unsere Website anpassen oder sich die Regeln bez\u00fcglich Cookies \u00e4ndern. Die aktuelle Version k\u00f6nnen Sie auf dieser Webseite einsehen. <\/p>\n<p class=\"has-primary-color has-text-color\">Wenn Sie Fragen und\/oder Anmerkungen haben, kontaktieren Sie bitte <a href=\"mailto:support@sunvig.com\">support@sunvig.com<\/a> .<\/p>\n<p class=\"has-primary-color has-text-color\">April 15, 2021 \u2013 SUNVIG B.V.<\/p>\t\t\t\t\t\t\t\t<\/div>\n\t\t\t\t<\/div>\n\t\t\t\t\t<\/div>\n\t\t\t\t<\/div>\n\t\t\t\t<\/div>\n\t\t","protected":false},"excerpt":{"rendered":"<p>Diese Website www.sunvig.com verwendet Cookies. Ein Cookie ist eine einfache kleine Datei, die mit den Seiten dieser Website und\/oder Flash-Anwendungen gesendet wird und von Ihrem Browser auf der Festplatte Ihres Computers, Handys, Smartwatches oder Tablets gespeichert wird. Die darin gespeicherten Informationen k\u00f6nnen bei Ihrem n\u00e4chsten Besuch an unsere Server zur\u00fcckgesendet werden. Die Verwendung von Cookies [&hellip;]<\/p>\n","protected":false},"author":2,"featured_media":0,"parent":0,"menu_order":0,"comment_status":"closed","ping_status":"closed","template":"","meta":{"_acf_changed":false,"_improvement_type_select":"improve_an_existing","_thumb_yes_seoaic":false,"_frame_yes_seoaic":false,"seoaic_generate_description":"","seoaic_improve_instructions_prompt":"","seoaic_rollback_content_improvement":"","seoaic_idea_thumbnail_generator":"","thumbnail_generated":false,"thumbnail_generate_prompt":"","seoaic_article_description":"","footnotes":""},"class_list":["post-8238","page","type-page","status-publish","hentry"],"acf":[],"yoast_head":"<!-- This site is optimized with the Yoast SEO Premium plugin v25.3.1 (Yoast SEO v27.1.1) - https:\/\/yoast.com\/product\/yoast-seo-premium-wordpress\/ -->\n<title>Cookie Erkl\u00e4rung - SUNVIG<\/title>\n<meta name=\"robots\" content=\"index, follow, max-snippet:-1, max-image-preview:large, max-video-preview:-1\" \/>\n<link rel=\"canonical\" href=\"https:\/\/sunvig.com\/de\/cookie-erklaerung\/\" \/>\n<meta property=\"og:locale\" content=\"de_DE\" \/>\n<meta property=\"og:type\" content=\"article\" \/>\n<meta property=\"og:title\" content=\"Cookie Erkl\u00e4rung\" \/>\n<meta property=\"og:description\" content=\"Diese Website www.sunvig.com verwendet Cookies. Ein Cookie ist eine einfache kleine Datei, die mit den Seiten dieser Website und\/oder Flash-Anwendungen gesendet wird und von Ihrem Browser auf der Festplatte Ihres Computers, Handys, Smartwatches oder Tablets gespeichert wird. Die darin gespeicherten Informationen k\u00f6nnen bei Ihrem n\u00e4chsten Besuch an unsere Server zur\u00fcckgesendet werden. Die Verwendung von Cookies [&hellip;]\" \/>\n<meta property=\"og:url\" content=\"https:\/\/sunvig.com\/de\/cookie-erklaerung\/\" \/>\n<meta property=\"og:site_name\" content=\"SUNVIG\" \/>\n<meta property=\"article:modified_time\" content=\"2025-02-18T09:32:07+00:00\" \/>\n<meta name=\"twitter:card\" content=\"summary_large_image\" \/>\n<meta name=\"twitter:label1\" content=\"Gesch\u00e4tzte Lesezeit\" \/>\n\t<meta name=\"twitter:data1\" content=\"7\u00a0Minuten\" \/>\n<script type=\"application\/ld+json\" class=\"yoast-schema-graph\">{\"@context\":\"https:\/\/schema.org\",\"@graph\":[{\"@type\":\"WebPage\",\"@id\":\"https:\/\/sunvig.com\/de\/cookie-erklaerung\/\",\"url\":\"https:\/\/sunvig.com\/de\/cookie-erklaerung\/\",\"name\":\"Cookie Erkl\u00e4rung - SUNVIG\",\"isPartOf\":{\"@id\":\"https:\/\/sunvig.com\/de\/#website\"},\"datePublished\":\"2024-01-22T20:18:10+00:00\",\"dateModified\":\"2025-02-18T09:32:07+00:00\",\"breadcrumb\":{\"@id\":\"https:\/\/sunvig.com\/de\/cookie-erklaerung\/#breadcrumb\"},\"inLanguage\":\"de\",\"potentialAction\":[{\"@type\":\"ReadAction\",\"target\":[\"https:\/\/sunvig.com\/de\/cookie-erklaerung\/\"]}]},{\"@type\":\"BreadcrumbList\",\"@id\":\"https:\/\/sunvig.com\/de\/cookie-erklaerung\/#breadcrumb\",\"itemListElement\":[{\"@type\":\"ListItem\",\"position\":1,\"name\":\"Home\",\"item\":\"https:\/\/sunvig.com\/de\/\"},{\"@type\":\"ListItem\",\"position\":2,\"name\":\"Cookie Erkl\u00e4rung\"}]},{\"@type\":\"WebSite\",\"@id\":\"https:\/\/sunvig.com\/de\/#website\",\"url\":\"https:\/\/sunvig.com\/de\/\",\"name\":\"SUNVIG\",\"description\":\"Karaoke Solutions\",\"potentialAction\":[{\"@type\":\"SearchAction\",\"target\":{\"@type\":\"EntryPoint\",\"urlTemplate\":\"https:\/\/sunvig.com\/de\/?s={search_term_string}\"},\"query-input\":{\"@type\":\"PropertyValueSpecification\",\"valueRequired\":true,\"valueName\":\"search_term_string\"}}],\"inLanguage\":\"de\"}]}<\/script>\n<!-- \/ Yoast SEO Premium plugin. -->","yoast_head_json":{"title":"Cookie Erkl\u00e4rung - SUNVIG","robots":{"index":"index","follow":"follow","max-snippet":"max-snippet:-1","max-image-preview":"max-image-preview:large","max-video-preview":"max-video-preview:-1"},"canonical":"https:\/\/sunvig.com\/de\/cookie-erklaerung\/","og_locale":"de_DE","og_type":"article","og_title":"Cookie Erkl\u00e4rung","og_description":"Diese Website www.sunvig.com verwendet Cookies. Ein Cookie ist eine einfache kleine Datei, die mit den Seiten dieser Website und\/oder Flash-Anwendungen gesendet wird und von Ihrem Browser auf der Festplatte Ihres Computers, Handys, Smartwatches oder Tablets gespeichert wird. Die darin gespeicherten Informationen k\u00f6nnen bei Ihrem n\u00e4chsten Besuch an unsere Server zur\u00fcckgesendet werden. Die Verwendung von Cookies [&hellip;]","og_url":"https:\/\/sunvig.com\/de\/cookie-erklaerung\/","og_site_name":"SUNVIG","article_modified_time":"2025-02-18T09:32:07+00:00","twitter_card":"summary_large_image","twitter_misc":{"Gesch\u00e4tzte Lesezeit":"7\u00a0Minuten"},"schema":{"@context":"https:\/\/schema.org","@graph":[{"@type":"WebPage","@id":"https:\/\/sunvig.com\/de\/cookie-erklaerung\/","url":"https:\/\/sunvig.com\/de\/cookie-erklaerung\/","name":"Cookie Erkl\u00e4rung - SUNVIG","isPartOf":{"@id":"https:\/\/sunvig.com\/de\/#website"},"datePublished":"2024-01-22T20:18:10+00:00","dateModified":"2025-02-18T09:32:07+00:00","breadcrumb":{"@id":"https:\/\/sunvig.com\/de\/cookie-erklaerung\/#breadcrumb"},"inLanguage":"de","potentialAction":[{"@type":"ReadAction","target":["https:\/\/sunvig.com\/de\/cookie-erklaerung\/"]}]},{"@type":"BreadcrumbList","@id":"https:\/\/sunvig.com\/de\/cookie-erklaerung\/#breadcrumb","itemListElement":[{"@type":"ListItem","position":1,"name":"Home","item":"https:\/\/sunvig.com\/de\/"},{"@type":"ListItem","position":2,"name":"Cookie Erkl\u00e4rung"}]},{"@type":"WebSite","@id":"https:\/\/sunvig.com\/de\/#website","url":"https:\/\/sunvig.com\/de\/","name":"SUNVIG","description":"Karaoke Solutions","potentialAction":[{"@type":"SearchAction","target":{"@type":"EntryPoint","urlTemplate":"https:\/\/sunvig.com\/de\/?s={search_term_string}"},"query-input":{"@type":"PropertyValueSpecification","valueRequired":true,"valueName":"search_term_string"}}],"inLanguage":"de"}]}},"_links":{"self":[{"href":"https:\/\/sunvig.com\/de\/wp-json\/wp\/v2\/pages\/8238","targetHints":{"allow":["GET"]}}],"collection":[{"href":"https:\/\/sunvig.com\/de\/wp-json\/wp\/v2\/pages"}],"about":[{"href":"https:\/\/sunvig.com\/de\/wp-json\/wp\/v2\/types\/page"}],"author":[{"embeddable":true,"href":"https:\/\/sunvig.com\/de\/wp-json\/wp\/v2\/users\/2"}],"replies":[{"embeddable":true,"href":"https:\/\/sunvig.com\/de\/wp-json\/wp\/v2\/comments?post=8238"}],"version-history":[{"count":1,"href":"https:\/\/sunvig.com\/de\/wp-json\/wp\/v2\/pages\/8238\/revisions"}],"predecessor-version":[{"id":8239,"href":"https:\/\/sunvig.com\/de\/wp-json\/wp\/v2\/pages\/8238\/revisions\/8239"}],"wp:attachment":[{"href":"https:\/\/sunvig.com\/de\/wp-json\/wp\/v2\/media?parent=8238"}],"curies":[{"name":"wp","href":"https:\/\/api.w.org\/{rel}","templated":true}]}}