{"id":2060,"date":"2024-01-23T19:27:16","date_gmt":"2024-01-23T18:27:16","guid":{"rendered":"https:\/\/sunvig.com\/blogue\/"},"modified":"2026-03-30T10:16:06","modified_gmt":"2026-03-30T09:16:06","slug":"blogue","status":"publish","type":"page","link":"https:\/\/sunvig.com\/fr\/blogue\/","title":{"rendered":"Blogue"},"content":{"rendered":"\t\t<div data-elementor-type=\"wp-page\" data-elementor-id=\"2060\" class=\"elementor elementor-2060 elementor-727\" data-elementor-post-type=\"page\">\n\t\t\t\t<div class=\"elementor-element elementor-element-9bb350b e-flex e-con-boxed e-con e-parent\" data-id=\"9bb350b\" data-element_type=\"container\" data-e-type=\"container\" data-settings=\"{&quot;background_background&quot;:&quot;gradient&quot;,&quot;jet_parallax_layout_list&quot;:[],&quot;shape_divider_bottom&quot;:&quot;curve&quot;,&quot;shape_divider_bottom_negative&quot;:&quot;yes&quot;}\">\n\t\t\t\t\t<div class=\"e-con-inner\">\n\t\t\t\t<div class=\"elementor-shape elementor-shape-bottom\" aria-hidden=\"true\" data-negative=\"true\">\n\t\t\t<svg xmlns=\"http:\/\/www.w3.org\/2000\/svg\" viewBox=\"0 0 1000 100\" preserveAspectRatio=\"none\">\n\t<path class=\"elementor-shape-fill\" d=\"M500,97C126.7,96.3,0.8,19.8,0,0v100l1000,0V1C1000,19.4,873.3,97.8,500,97z\"\/>\n<\/svg>\t\t<\/div>\n\t\t\t\t<div class=\"elementor-element elementor-element-820a814 elementor-widget elementor-widget-heading\" data-id=\"820a814\" data-element_type=\"widget\" data-e-type=\"widget\" data-widget_type=\"heading.default\">\n\t\t\t\t<div class=\"elementor-widget-container\">\n\t\t\t\t\t<h1 class=\"elementor-heading-title elementor-size-default\">Blogue<\/h1>\t\t\t\t<\/div>\n\t\t\t\t<\/div>\n\t\t\t\t<div class=\"elementor-element elementor-element-cd5a7e3 elementor-widget elementor-widget-heading\" data-id=\"cd5a7e3\" data-element_type=\"widget\" data-e-type=\"widget\" data-widget_type=\"heading.default\">\n\t\t\t\t<div class=\"elementor-widget-container\">\n\t\t\t\t\t<h2 class=\"elementor-heading-title elementor-size-default\">PARLONS KARAOK\u00c9.<\/h2>\t\t\t\t<\/div>\n\t\t\t\t<\/div>\n\t\t\t\t\t<\/div>\n\t\t\t\t<\/div>\n\t\t<div class=\"elementor-element elementor-element-4013225 e-flex e-con-boxed e-con e-parent\" data-id=\"4013225\" data-element_type=\"container\" data-e-type=\"container\" data-settings=\"{&quot;jet_parallax_layout_list&quot;:[],&quot;background_background&quot;:&quot;classic&quot;}\">\n\t\t\t\t\t<div class=\"e-con-inner\">\n\t\t\t\t<div class=\"elementor-element elementor-element-6065bf4 elementor-widget elementor-widget-jet-posts\" data-id=\"6065bf4\" data-element_type=\"widget\" data-e-type=\"widget\" data-settings=\"{&quot;columns_tablet&quot;:&quot;2&quot;,&quot;columns_mobile&quot;:&quot;1&quot;,&quot;columns&quot;:3,&quot;slides_to_scroll&quot;:&quot;1&quot;}\" data-widget_type=\"jet-posts.default\">\n\t\t\t\t<div class=\"elementor-widget-container\">\n\t\t\t\t\t<div class=\"elementor-jet-posts jet-elements\"><div class=\"jet-posts col-row  jet-equal-cols\"><div class=\"jet-posts__item\">\n\t<div class=\"jet-posts__inner-box\"><div class=\"post-thumbnail\"><a href=\"https:\/\/sunvig.com\/fr\/construire-votre-propre-salle-de-karaoke-privee-5-conceils-et-astuces\/\" class=\"post-thumbnail__link\"><img loading=\"lazy\" decoding=\"async\" class=\"post-thumbnail__img wp-post-image\" src=\"https:\/\/sunvig.com\/wp-content\/uploads\/2024\/02\/Private-Karaoke-Room.png\" alt=\"CONSTRUIRE VOTRE PROPRE SALLE DE KARAOK\u00c9 PRIV\u00c9E \u2013 5 CONSEILS ET ASTUCES\" loading=\"lazy\" width=\"1920\" height=\"1080\"><\/a><\/div><div class=\"jet-posts__terms\"><a href=\"https:\/\/sunvig.com\/fr\/category\/conseils\/\" class=\"jet-posts__terms-link\">CONSEILS<\/a><\/div><div class=\"jet-posts__inner-content\"><h4 class=\"entry-title\"><a href=\"https:\/\/sunvig.com\/fr\/construire-votre-propre-salle-de-karaoke-privee-5-conceils-et-astuces\/\" target=\"\">CONSTRUIRE VOTRE PROPRE SALLE DE KARAOK\u00c9 PRIV\u00c9E \u2013 5 CONSEILS ET ASTUCES<\/a><\/h4><div class=\"entry-excerpt\">Vous construisez votre propre salle de karaok\u00e9 priv\u00e9e ? Vous faites un grand pas vers le succ\u00e8s ! Nous partageons&hellip;<\/div><div class=\"jet-more-wrap\"><a href=\"https:\/\/sunvig.com\/fr\/construire-votre-propre-salle-de-karaoke-privee-5-conceils-et-astuces\/\" class=\"btn btn-primary elementor-button elementor-size-md jet-more\" target=\"\"><span class=\"btn__text\">Lire la suite...<\/span><\/a><\/div><\/div><\/div>\n<\/div>\n<div class=\"jet-posts__item\">\n\t<div class=\"jet-posts__inner-box\"><div class=\"post-thumbnail\"><a href=\"https:\/\/sunvig.com\/fr\/examen-approfondi-duke-of-tokyo\/\" class=\"post-thumbnail__link\"><img loading=\"lazy\" decoding=\"async\" class=\"post-thumbnail__img wp-post-image\" src=\"https:\/\/sunvig.com\/wp-content\/uploads\/2024\/02\/Duke-Of-Tokyo-1.png\" alt=\"EXAMEN APPROFONDI \u2013 DUKE OF TOKYO\" loading=\"lazy\" width=\"1920\" height=\"1080\"><\/a><\/div><div class=\"jet-posts__terms\"><a href=\"https:\/\/sunvig.com\/fr\/category\/examen-approfondi\/\" class=\"jet-posts__terms-link\">EXAMEN APPROFONDI<\/a><\/div><div class=\"jet-posts__inner-content\"><h4 class=\"entry-title\"><a href=\"https:\/\/sunvig.com\/fr\/examen-approfondi-duke-of-tokyo\/\" target=\"\">EXAMEN APPROFONDI \u2013 DUKE OF TOKYO<\/a><\/h4><div class=\"entry-excerpt\">Au c\u0153ur d&rsquo;Amsterdam et d&rsquo;Utrecht se trouve un joyau cach\u00e9, un endroit o\u00f9 l&rsquo;esprit de Tokyo se m\u00eale \u00e0 la&hellip;<\/div><div class=\"jet-more-wrap\"><a href=\"https:\/\/sunvig.com\/fr\/examen-approfondi-duke-of-tokyo\/\" class=\"btn btn-primary elementor-button elementor-size-md jet-more\" target=\"\"><span class=\"btn__text\">Lire la suite...<\/span><\/a><\/div><\/div><\/div>\n<\/div>\n<div class=\"jet-posts__item\">\n\t<div class=\"jet-posts__inner-box\"><div class=\"post-thumbnail\"><a href=\"https:\/\/sunvig.com\/fr\/examen-approfondi-house-of-ronin\/\" class=\"post-thumbnail__link\"><img loading=\"lazy\" decoding=\"async\" class=\"post-thumbnail__img wp-post-image\" src=\"https:\/\/sunvig.com\/wp-content\/uploads\/2024\/02\/House-of-Ronin.png\" alt=\"EXAMEN APPROFONDI \u2013 MAISON DU RONIN\" loading=\"lazy\" width=\"1920\" height=\"1080\"><\/a><\/div><div class=\"jet-posts__terms\"><a href=\"https:\/\/sunvig.com\/fr\/category\/examen-approfondi\/\" class=\"jet-posts__terms-link\">EXAMEN APPROFONDI<\/a><\/div><div class=\"jet-posts__inner-content\"><h4 class=\"entry-title\"><a href=\"https:\/\/sunvig.com\/fr\/examen-approfondi-house-of-ronin\/\" target=\"\">EXAMEN APPROFONDI \u2013 MAISON DU RONIN<\/a><\/h4><div class=\"entry-excerpt\">Milan, la vibrante capitale de la mode en Italie, est renomm\u00e9e pour son go\u00fbt raffin\u00e9 et son style de vie&hellip;<\/div><div class=\"jet-more-wrap\"><a href=\"https:\/\/sunvig.com\/fr\/examen-approfondi-house-of-ronin\/\" class=\"btn btn-primary elementor-button elementor-size-md jet-more\" target=\"\"><span class=\"btn__text\">Lire la suite...<\/span><\/a><\/div><\/div><\/div>\n<\/div>\n<div class=\"jet-posts__item\">\n\t<div class=\"jet-posts__inner-box\"><div class=\"post-thumbnail\"><a href=\"https:\/\/sunvig.com\/fr\/chanter-dans-les-nuages-karaoke-dans-des-endroits-insolites\/\" class=\"post-thumbnail__link\"><img loading=\"lazy\" decoding=\"async\" class=\"post-thumbnail__img wp-post-image\" src=\"https:\/\/sunvig.com\/wp-content\/uploads\/2024\/02\/Karaoke-Private-Jet.png\" alt=\"CHANTER DANS LES NUAGES \u2013 KARAOK\u00c9 DANS DES ENDROITS INSOLITES\" loading=\"lazy\" width=\"1920\" height=\"1080\"><\/a><\/div><div class=\"jet-posts__terms\"><a href=\"https:\/\/sunvig.com\/fr\/category\/conseils\/\" class=\"jet-posts__terms-link\">CONSEILS<\/a><\/div><div class=\"jet-posts__inner-content\"><h4 class=\"entry-title\"><a href=\"https:\/\/sunvig.com\/fr\/chanter-dans-les-nuages-karaoke-dans-des-endroits-insolites\/\" target=\"\">CHANTER DANS LES NUAGES \u2013 KARAOK\u00c9 DANS DES ENDROITS INSOLITES<\/a><\/h4><div class=\"entry-excerpt\">Alors que vous vous attendriez \u00e0 trouver du karaok\u00e9 dans des bars et des salles de karaok\u00e9 priv\u00e9es, vous pourriez&hellip;<\/div><div class=\"jet-more-wrap\"><a href=\"https:\/\/sunvig.com\/fr\/chanter-dans-les-nuages-karaoke-dans-des-endroits-insolites\/\" class=\"btn btn-primary elementor-button elementor-size-md jet-more\" target=\"\"><span class=\"btn__text\">Lire la suite...<\/span><\/a><\/div><\/div><\/div>\n<\/div>\n<div class=\"jet-posts__item\">\n\t<div class=\"jet-posts__inner-box\"><div class=\"post-thumbnail\"><a href=\"https:\/\/sunvig.com\/fr\/3-raisons-pour-lesquelles-votre-lieu-de-reunion-familiale-a-besoin-de-karaoke\/\" class=\"post-thumbnail__link\"><img loading=\"lazy\" decoding=\"async\" class=\"post-thumbnail__img wp-post-image\" src=\"https:\/\/sunvig.com\/wp-content\/uploads\/2024\/02\/Family-Entertainment.png\" alt=\"3 RAISONS POUR LESQUELLES VOTRE LIEU DE R\u00c9UNION FAMILIALE A BESOIN DE KARAOK\u00c9\" loading=\"lazy\" width=\"1920\" height=\"1080\"><\/a><\/div><div class=\"jet-posts__terms\"><a href=\"https:\/\/sunvig.com\/fr\/category\/conseils\/\" class=\"jet-posts__terms-link\">CONSEILS<\/a><\/div><div class=\"jet-posts__inner-content\"><h4 class=\"entry-title\"><a href=\"https:\/\/sunvig.com\/fr\/3-raisons-pour-lesquelles-votre-lieu-de-reunion-familiale-a-besoin-de-karaoke\/\" target=\"\">3 RAISONS POUR LESQUELLES VOTRE LIEU DE R\u00c9UNION FAMILIALE A BESOIN DE KARAOK\u00c9<\/a><\/h4><div class=\"entry-excerpt\">Lorsque vous pensez au karaok\u00e9, vous imaginez des bars sombres et d\u00e9mod\u00e9s ? Il est temps de changer cette perception&hellip;<\/div><div class=\"jet-more-wrap\"><a href=\"https:\/\/sunvig.com\/fr\/3-raisons-pour-lesquelles-votre-lieu-de-reunion-familiale-a-besoin-de-karaoke\/\" class=\"btn btn-primary elementor-button elementor-size-md jet-more\" target=\"\"><span class=\"btn__text\">Lire la suite...<\/span><\/a><\/div><\/div><\/div>\n<\/div>\n<div class=\"jet-posts__item\">\n\t<div class=\"jet-posts__inner-box\"><div class=\"post-thumbnail\"><a href=\"https:\/\/sunvig.com\/fr\/examen-approfondi-olearys\/\" class=\"post-thumbnail__link\"><img loading=\"lazy\" decoding=\"async\" class=\"post-thumbnail__img wp-post-image\" src=\"https:\/\/sunvig.com\/wp-content\/uploads\/2024\/02\/OLearys-1.png\" alt=\"EXAMEN APPROFONDI \u2013 O&#039;LEARY&#039;S\" loading=\"lazy\" width=\"1920\" height=\"1080\"><\/a><\/div><div class=\"jet-posts__terms\"><a href=\"https:\/\/sunvig.com\/fr\/category\/examen-approfondi\/\" class=\"jet-posts__terms-link\">EXAMEN APPROFONDI<\/a><\/div><div class=\"jet-posts__inner-content\"><h4 class=\"entry-title\"><a href=\"https:\/\/sunvig.com\/fr\/examen-approfondi-olearys\/\" target=\"\">EXAMEN APPROFONDI \u2013 O'LEARY'S<\/a><\/h4><div class=\"entry-excerpt\">Depuis 2021, O&rsquo;Learys, une entreprise d&rsquo;origine su\u00e9doise avec ses racines \u00e0 Boston, a trouv\u00e9 son foyer \u00e0 Leidschendam. O&rsquo;Learys est&hellip;<\/div><div class=\"jet-more-wrap\"><a href=\"https:\/\/sunvig.com\/fr\/examen-approfondi-olearys\/\" class=\"btn btn-primary elementor-button elementor-size-md jet-more\" target=\"\"><span class=\"btn__text\">Lire la suite...<\/span><\/a><\/div><\/div><\/div>\n<\/div>\n<div class=\"jet-posts__item\">\n\t<div class=\"jet-posts__inner-box\"><div class=\"post-thumbnail\"><a href=\"https:\/\/sunvig.com\/fr\/examen-approfondi-yume-karaoke-box\/\" class=\"post-thumbnail__link\"><img loading=\"lazy\" decoding=\"async\" class=\"post-thumbnail__img wp-post-image\" src=\"https:\/\/sunvig.com\/wp-content\/uploads\/2024\/02\/Yume.png\" alt=\"EXAMEN APPROFONDI \u2013 YUME-KARAOKE BOX\" loading=\"lazy\" width=\"1920\" height=\"1080\"><\/a><\/div><div class=\"jet-posts__terms\"><a href=\"https:\/\/sunvig.com\/fr\/category\/examen-approfondi\/\" class=\"jet-posts__terms-link\">EXAMEN APPROFONDI<\/a><\/div><div class=\"jet-posts__inner-content\"><h4 class=\"entry-title\"><a href=\"https:\/\/sunvig.com\/fr\/examen-approfondi-yume-karaoke-box\/\" target=\"\">EXAMEN APPROFONDI \u2013 YUME-KARAOKE BOX<\/a><\/h4><div class=\"entry-excerpt\">\u00ab\u00a0Lorsque j&rsquo;ai entrepris mon aventure personnelle d&rsquo;auto-emploi dans le domaine de la \u00ab\u00a0location de salles de karaok\u00e9\u00a0\u00bb, j&rsquo;avais une id\u00e9e&hellip;<\/div><div class=\"jet-more-wrap\"><a href=\"https:\/\/sunvig.com\/fr\/examen-approfondi-yume-karaoke-box\/\" class=\"btn btn-primary elementor-button elementor-size-md jet-more\" target=\"\"><span class=\"btn__text\">Lire la suite...<\/span><\/a><\/div><\/div><\/div>\n<\/div>\n<div class=\"jet-posts__item\">\n\t<div class=\"jet-posts__inner-box\"><div class=\"post-thumbnail\"><a href=\"https:\/\/sunvig.com\/fr\/la-musique-sans-frontieres-decouvrez-lart-de-sunvig-studios\/\" class=\"post-thumbnail__link\"><img loading=\"lazy\" decoding=\"async\" class=\"post-thumbnail__img wp-post-image\" src=\"https:\/\/sunvig.com\/wp-content\/uploads\/2024\/02\/Playlists-2.png\" alt=\"LA MUSIQUE SANS FRONTI\u00c8RES - D\u00c9COUVREZ L&#039;ART DE SUNVIG STUDIOS\" loading=\"lazy\" width=\"1920\" height=\"1080\"><\/a><\/div><div class=\"jet-posts__terms\"><a href=\"https:\/\/sunvig.com\/fr\/category\/conseils\/\" class=\"jet-posts__terms-link\">CONSEILS<\/a><\/div><div class=\"jet-posts__inner-content\"><h4 class=\"entry-title\"><a href=\"https:\/\/sunvig.com\/fr\/la-musique-sans-frontieres-decouvrez-lart-de-sunvig-studios\/\" target=\"\">LA MUSIQUE SANS FRONTI\u00c8RES - D\u00c9COUVREZ L'ART DE SUNVIG STUDIOS<\/a><\/h4><div class=\"entry-excerpt\">Chez SUNVIG, chaque jour est d\u00e9di\u00e9 \u00e0 la cr\u00e9ation d&rsquo;une base de donn\u00e9es unique de chansons qui transcende les fronti\u00e8res.&hellip;<\/div><div class=\"jet-more-wrap\"><a href=\"https:\/\/sunvig.com\/fr\/la-musique-sans-frontieres-decouvrez-lart-de-sunvig-studios\/\" class=\"btn btn-primary elementor-button elementor-size-md jet-more\" target=\"\"><span class=\"btn__text\">Lire la suite...<\/span><\/a><\/div><\/div><\/div>\n<\/div>\n<div class=\"jet-posts__item\">\n\t<div class=\"jet-posts__inner-box\"><div class=\"post-thumbnail\"><a href=\"https:\/\/sunvig.com\/fr\/sunvig-et-x-corp-unissent-nos-forces-pour-une-experience-de-divertissement-unique\/\" class=\"post-thumbnail__link\"><img loading=\"lazy\" decoding=\"async\" class=\"post-thumbnail__img wp-post-image\" src=\"https:\/\/sunvig.com\/wp-content\/uploads\/2024\/02\/X-Cubes.png\" alt=\"SUNVIG ET X-CORP UNISSENT NOS FORCES POUR UNE EXP\u00c9RIENCE DE DIVERTISSEMENT UNIQUE\" loading=\"lazy\" width=\"1920\" height=\"1080\"><\/a><\/div><div class=\"jet-posts__terms\"><a href=\"https:\/\/sunvig.com\/fr\/category\/nouvelles\/\" class=\"jet-posts__terms-link\">NOUVELLES<\/a><\/div><div class=\"jet-posts__inner-content\"><h4 class=\"entry-title\"><a href=\"https:\/\/sunvig.com\/fr\/sunvig-et-x-corp-unissent-nos-forces-pour-une-experience-de-divertissement-unique\/\" target=\"\">SUNVIG ET X-CORP UNISSENT NOS FORCES POUR UNE EXP\u00c9RIENCE DE DIVERTISSEMENT UNIQUE<\/a><\/h4><div class=\"entry-excerpt\">X-Corp, bas\u00e9e \u00e0 Maassluis, aux Pays-Bas, et SUNVIG sont fiers d&rsquo;annoncer une collaboration passionnante qui enrichira le monde du divertissement.&hellip;<\/div><div class=\"jet-more-wrap\"><a href=\"https:\/\/sunvig.com\/fr\/sunvig-et-x-corp-unissent-nos-forces-pour-une-experience-de-divertissement-unique\/\" class=\"btn btn-primary elementor-button elementor-size-md jet-more\" target=\"\"><span class=\"btn__text\">Lire la suite...<\/span><\/a><\/div><\/div><\/div>\n<\/div>\n<div class=\"jet-posts__item\">\n\t<div class=\"jet-posts__inner-box\"><div class=\"post-thumbnail\"><a href=\"https:\/\/sunvig.com\/fr\/pdg-de-sunvig-marcel-van-ketel-rononcer-nest-pas-une-option\/\" class=\"post-thumbnail__link\"><img loading=\"lazy\" decoding=\"async\" class=\"post-thumbnail__img wp-post-image\" src=\"https:\/\/sunvig.com\/wp-content\/uploads\/2024\/02\/Marcel_Stations5_Wide-1.jpg\" alt=\"PDG DE SUNVIG MARCEL VAN KETEL: &quot;RENONCER N&#039;EST PAS UNE OPTION&quot;\" loading=\"lazy\" width=\"1920\" height=\"1080\"><\/a><\/div><div class=\"jet-posts__terms\"><a href=\"https:\/\/sunvig.com\/fr\/category\/nouvelles\/\" class=\"jet-posts__terms-link\">NOUVELLES<\/a><\/div><div class=\"jet-posts__inner-content\"><h4 class=\"entry-title\"><a href=\"https:\/\/sunvig.com\/fr\/pdg-de-sunvig-marcel-van-ketel-rononcer-nest-pas-une-option\/\" target=\"\">PDG DE SUNVIG MARCEL VAN KETEL: \"RENONCER N'EST PAS UNE OPTION\"<\/a><\/h4><div class=\"entry-excerpt\">Le karaok\u00e9 est en plein essor, et dans ce march\u00e9 en croissance, une entreprise se distingue par son innovation, son&hellip;<\/div><div class=\"jet-more-wrap\"><a href=\"https:\/\/sunvig.com\/fr\/pdg-de-sunvig-marcel-van-ketel-rononcer-nest-pas-une-option\/\" class=\"btn btn-primary elementor-button elementor-size-md jet-more\" target=\"\"><span class=\"btn__text\">Lire la suite...<\/span><\/a><\/div><\/div><\/div>\n<\/div>\n<\/div>\n<\/div>\t\t\t\t<\/div>\n\t\t\t\t<\/div>\n\t\t\t\t\t<\/div>\n\t\t\t\t<\/div>\n\t\t\t\t<\/div>\n\t\t","protected":false},"excerpt":{"rendered":"<p>Blogue PARLONS KARAOK\u00c9. TIPS BUILDING YOUR OWN PRIVATE KARAOKE ROOM &#8211; 5 TIPS Are you building your own private karaoke room? You are taking a great step towards success! Below we share 5&hellip;Lire la suite&#8230; CLOSER LOOK CLOSER LOOK &#8211; DUKE OF TOKYO In the heart of Amsterdam, Rotterdam, and Utrecht lies a hidden gem, [&hellip;]<\/p>\n","protected":false},"author":2,"featured_media":2129,"parent":0,"menu_order":0,"comment_status":"closed","ping_status":"closed","template":"","meta":{"_acf_changed":false,"_improvement_type_select":"improve_an_existing","_thumb_yes_seoaic":false,"_frame_yes_seoaic":false,"seoaic_generate_description":"","seoaic_improve_instructions_prompt":"","seoaic_rollback_content_improvement":"","seoaic_idea_thumbnail_generator":"","thumbnail_generated":false,"thumbnail_generate_prompt":"","seoaic_article_description":"","footnotes":""},"class_list":["post-2060","page","type-page","status-publish","has-post-thumbnail","hentry"],"acf":[],"yoast_head":"<!-- This site is optimized with the Yoast SEO Premium plugin v25.3.1 (Yoast SEO v27.1.1) - https:\/\/yoast.com\/product\/yoast-seo-premium-wordpress\/ -->\n<title>Blog | Parlons Karaok\u00e9 | SUNVIG<\/title>\n<meta name=\"description\" content=\"Des conseils, des actualit\u00e9s du secteur et un aper\u00e7u plus d\u00e9taill\u00e9 de certains projets et clients de SUNVIG.\" \/>\n<meta name=\"robots\" content=\"index, follow, max-snippet:-1, max-image-preview:large, max-video-preview:-1\" \/>\n<link rel=\"canonical\" href=\"https:\/\/sunvig.com\/fr\/blogue\/\" \/>\n<meta property=\"og:locale\" content=\"fr_FR\" \/>\n<meta property=\"og:type\" content=\"article\" \/>\n<meta property=\"og:title\" content=\"Blogue\" \/>\n<meta property=\"og:description\" content=\"Des conseils, des actualit\u00e9s du secteur et un aper\u00e7u plus d\u00e9taill\u00e9 de certains projets et clients de SUNVIG.\" \/>\n<meta property=\"og:url\" content=\"https:\/\/sunvig.com\/fr\/blogue\/\" \/>\n<meta property=\"og:site_name\" content=\"SUNVIG\" \/>\n<meta property=\"article:modified_time\" content=\"2026-03-30T09:16:06+00:00\" \/>\n<meta property=\"og:image\" content=\"https:\/\/sunvig.com\/wp-content\/uploads\/2024\/02\/IAAPA-3-1-1536x1024-1.jpg\" \/>\n\t<meta property=\"og:image:width\" content=\"1536\" \/>\n\t<meta property=\"og:image:height\" content=\"1024\" \/>\n\t<meta property=\"og:image:type\" content=\"image\/jpeg\" \/>\n<meta name=\"twitter:card\" content=\"summary_large_image\" \/>\n<meta name=\"twitter:label1\" content=\"Dur\u00e9e de lecture estim\u00e9e\" \/>\n\t<meta name=\"twitter:data1\" content=\"4 minutes\" \/>\n<script type=\"application\/ld+json\" class=\"yoast-schema-graph\">{\"@context\":\"https:\/\/schema.org\",\"@graph\":[{\"@type\":\"WebPage\",\"@id\":\"https:\/\/sunvig.com\/fr\/blogue\/\",\"url\":\"https:\/\/sunvig.com\/fr\/blogue\/\",\"name\":\"Blog | Parlons Karaok\u00e9 | SUNVIG\",\"isPartOf\":{\"@id\":\"https:\/\/sunvig.com\/fr\/#website\"},\"primaryImageOfPage\":{\"@id\":\"https:\/\/sunvig.com\/fr\/blogue\/#primaryimage\"},\"image\":{\"@id\":\"https:\/\/sunvig.com\/fr\/blogue\/#primaryimage\"},\"thumbnailUrl\":\"https:\/\/sunvig.com\/wp-content\/uploads\/2024\/02\/IAAPA-3-1-1536x1024-1.jpg\",\"datePublished\":\"2024-01-23T18:27:16+00:00\",\"dateModified\":\"2026-03-30T09:16:06+00:00\",\"description\":\"Des conseils, des actualit\u00e9s du secteur et un aper\u00e7u plus d\u00e9taill\u00e9 de certains projets et clients de SUNVIG.\",\"breadcrumb\":{\"@id\":\"https:\/\/sunvig.com\/fr\/blogue\/#breadcrumb\"},\"inLanguage\":\"fr-FR\",\"potentialAction\":[{\"@type\":\"ReadAction\",\"target\":[\"https:\/\/sunvig.com\/fr\/blogue\/\"]}]},{\"@type\":\"ImageObject\",\"inLanguage\":\"fr-FR\",\"@id\":\"https:\/\/sunvig.com\/fr\/blogue\/#primaryimage\",\"url\":\"https:\/\/sunvig.com\/wp-content\/uploads\/2024\/02\/IAAPA-3-1-1536x1024-1.jpg\",\"contentUrl\":\"https:\/\/sunvig.com\/wp-content\/uploads\/2024\/02\/IAAPA-3-1-1536x1024-1.jpg\",\"width\":1536,\"height\":1024,\"caption\":\"SUNVIG Blog for tips, news and karaoke business projects.\"},{\"@type\":\"BreadcrumbList\",\"@id\":\"https:\/\/sunvig.com\/fr\/blogue\/#breadcrumb\",\"itemListElement\":[{\"@type\":\"ListItem\",\"position\":1,\"name\":\"Home\",\"item\":\"https:\/\/sunvig.com\/fr\/home\/\"},{\"@type\":\"ListItem\",\"position\":2,\"name\":\"Blogue\"}]},{\"@type\":\"WebSite\",\"@id\":\"https:\/\/sunvig.com\/fr\/#website\",\"url\":\"https:\/\/sunvig.com\/fr\/\",\"name\":\"SUNVIG\",\"description\":\"Karaoke Solutions\",\"potentialAction\":[{\"@type\":\"SearchAction\",\"target\":{\"@type\":\"EntryPoint\",\"urlTemplate\":\"https:\/\/sunvig.com\/fr\/?s={search_term_string}\"},\"query-input\":{\"@type\":\"PropertyValueSpecification\",\"valueRequired\":true,\"valueName\":\"search_term_string\"}}],\"inLanguage\":\"fr-FR\"}]}<\/script>\n<!-- \/ Yoast SEO Premium plugin. -->","yoast_head_json":{"title":"Blog | Parlons Karaok\u00e9 | SUNVIG","description":"Des conseils, des actualit\u00e9s du secteur et un aper\u00e7u plus d\u00e9taill\u00e9 de certains projets et clients de SUNVIG.","robots":{"index":"index","follow":"follow","max-snippet":"max-snippet:-1","max-image-preview":"max-image-preview:large","max-video-preview":"max-video-preview:-1"},"canonical":"https:\/\/sunvig.com\/fr\/blogue\/","og_locale":"fr_FR","og_type":"article","og_title":"Blogue","og_description":"Des conseils, des actualit\u00e9s du secteur et un aper\u00e7u plus d\u00e9taill\u00e9 de certains projets et clients de SUNVIG.","og_url":"https:\/\/sunvig.com\/fr\/blogue\/","og_site_name":"SUNVIG","article_modified_time":"2026-03-30T09:16:06+00:00","og_image":[{"width":1536,"height":1024,"url":"https:\/\/sunvig.com\/wp-content\/uploads\/2024\/02\/IAAPA-3-1-1536x1024-1.jpg","type":"image\/jpeg"}],"twitter_card":"summary_large_image","twitter_misc":{"Dur\u00e9e de lecture estim\u00e9e":"4 minutes"},"schema":{"@context":"https:\/\/schema.org","@graph":[{"@type":"WebPage","@id":"https:\/\/sunvig.com\/fr\/blogue\/","url":"https:\/\/sunvig.com\/fr\/blogue\/","name":"Blog | Parlons Karaok\u00e9 | SUNVIG","isPartOf":{"@id":"https:\/\/sunvig.com\/fr\/#website"},"primaryImageOfPage":{"@id":"https:\/\/sunvig.com\/fr\/blogue\/#primaryimage"},"image":{"@id":"https:\/\/sunvig.com\/fr\/blogue\/#primaryimage"},"thumbnailUrl":"https:\/\/sunvig.com\/wp-content\/uploads\/2024\/02\/IAAPA-3-1-1536x1024-1.jpg","datePublished":"2024-01-23T18:27:16+00:00","dateModified":"2026-03-30T09:16:06+00:00","description":"Des conseils, des actualit\u00e9s du secteur et un aper\u00e7u plus d\u00e9taill\u00e9 de certains projets et clients de SUNVIG.","breadcrumb":{"@id":"https:\/\/sunvig.com\/fr\/blogue\/#breadcrumb"},"inLanguage":"fr-FR","potentialAction":[{"@type":"ReadAction","target":["https:\/\/sunvig.com\/fr\/blogue\/"]}]},{"@type":"ImageObject","inLanguage":"fr-FR","@id":"https:\/\/sunvig.com\/fr\/blogue\/#primaryimage","url":"https:\/\/sunvig.com\/wp-content\/uploads\/2024\/02\/IAAPA-3-1-1536x1024-1.jpg","contentUrl":"https:\/\/sunvig.com\/wp-content\/uploads\/2024\/02\/IAAPA-3-1-1536x1024-1.jpg","width":1536,"height":1024,"caption":"SUNVIG Blog for tips, news and karaoke business projects."},{"@type":"BreadcrumbList","@id":"https:\/\/sunvig.com\/fr\/blogue\/#breadcrumb","itemListElement":[{"@type":"ListItem","position":1,"name":"Home","item":"https:\/\/sunvig.com\/fr\/home\/"},{"@type":"ListItem","position":2,"name":"Blogue"}]},{"@type":"WebSite","@id":"https:\/\/sunvig.com\/fr\/#website","url":"https:\/\/sunvig.com\/fr\/","name":"SUNVIG","description":"Karaoke Solutions","potentialAction":[{"@type":"SearchAction","target":{"@type":"EntryPoint","urlTemplate":"https:\/\/sunvig.com\/fr\/?s={search_term_string}"},"query-input":{"@type":"PropertyValueSpecification","valueRequired":true,"valueName":"search_term_string"}}],"inLanguage":"fr-FR"}]}},"_links":{"self":[{"href":"https:\/\/sunvig.com\/fr\/wp-json\/wp\/v2\/pages\/2060","targetHints":{"allow":["GET"]}}],"collection":[{"href":"https:\/\/sunvig.com\/fr\/wp-json\/wp\/v2\/pages"}],"about":[{"href":"https:\/\/sunvig.com\/fr\/wp-json\/wp\/v2\/types\/page"}],"author":[{"embeddable":true,"href":"https:\/\/sunvig.com\/fr\/wp-json\/wp\/v2\/users\/2"}],"replies":[{"embeddable":true,"href":"https:\/\/sunvig.com\/fr\/wp-json\/wp\/v2\/comments?post=2060"}],"version-history":[{"count":13,"href":"https:\/\/sunvig.com\/fr\/wp-json\/wp\/v2\/pages\/2060\/revisions"}],"predecessor-version":[{"id":18082,"href":"https:\/\/sunvig.com\/fr\/wp-json\/wp\/v2\/pages\/2060\/revisions\/18082"}],"wp:featuredmedia":[{"embeddable":true,"href":"https:\/\/sunvig.com\/fr\/wp-json\/wp\/v2\/media\/2129"}],"wp:attachment":[{"href":"https:\/\/sunvig.com\/fr\/wp-json\/wp\/v2\/media?parent=2060"}],"curies":[{"name":"wp","href":"https:\/\/api.w.org\/{rel}","templated":true}]}}