{"id":2137,"date":"2024-01-23T09:58:06","date_gmt":"2024-01-23T08:58:06","guid":{"rendered":"https:\/\/sunvig.com\/emplois\/"},"modified":"2024-05-29T11:32:55","modified_gmt":"2024-05-29T10:32:55","slug":"emplois","status":"publish","type":"page","link":"https:\/\/sunvig.com\/fr\/emplois\/","title":{"rendered":"Emplois"},"content":{"rendered":"\t\t<div data-elementor-type=\"wp-page\" data-elementor-id=\"2137\" class=\"elementor elementor-2137 elementor-704\" data-elementor-post-type=\"page\">\n\t\t\t\t<div class=\"elementor-element elementor-element-9f2c05d e-flex e-con-boxed e-con e-parent\" data-id=\"9f2c05d\" data-element_type=\"container\" data-e-type=\"container\" data-settings=\"{&quot;background_background&quot;:&quot;classic&quot;,&quot;jet_parallax_layout_list&quot;:[],&quot;shape_divider_bottom&quot;:&quot;curve&quot;,&quot;shape_divider_bottom_negative&quot;:&quot;yes&quot;}\">\n\t\t\t\t\t<div class=\"e-con-inner\">\n\t\t\t\t<div class=\"elementor-shape elementor-shape-bottom\" aria-hidden=\"true\" data-negative=\"true\">\n\t\t\t<svg xmlns=\"http:\/\/www.w3.org\/2000\/svg\" viewBox=\"0 0 1000 100\" preserveAspectRatio=\"none\">\n\t<path class=\"elementor-shape-fill\" d=\"M500,97C126.7,96.3,0.8,19.8,0,0v100l1000,0V1C1000,19.4,873.3,97.8,500,97z\"\/>\n<\/svg>\t\t<\/div>\n\t\t\t\t<div class=\"elementor-element elementor-element-a42f2af elementor-widget elementor-widget-heading\" data-id=\"a42f2af\" data-element_type=\"widget\" data-e-type=\"widget\" data-widget_type=\"heading.default\">\n\t\t\t\t<div class=\"elementor-widget-container\">\n\t\t\t\t\t<h1 class=\"elementor-heading-title elementor-size-default\">Emplois<\/h1>\t\t\t\t<\/div>\n\t\t\t\t<\/div>\n\t\t\t\t<div class=\"elementor-element elementor-element-f002d13 elementor-widget elementor-widget-heading\" data-id=\"f002d13\" data-element_type=\"widget\" data-e-type=\"widget\" data-widget_type=\"heading.default\">\n\t\t\t\t<div class=\"elementor-widget-container\">\n\t\t\t\t\t<h3 class=\"elementor-heading-title elementor-size-default\">FAITES PARTIE DE LA FAMILLE SUNVIG.<\/h3>\t\t\t\t<\/div>\n\t\t\t\t<\/div>\n\t\t\t\t\t<\/div>\n\t\t\t\t<\/div>\n\t\t<div class=\"elementor-element elementor-element-afe37ed e-flex e-con-boxed e-con e-parent\" data-id=\"afe37ed\" data-element_type=\"container\" data-e-type=\"container\" data-settings=\"{&quot;jet_parallax_layout_list&quot;:[]}\">\n\t\t\t\t\t<div class=\"e-con-inner\">\n\t\t\t\t<div class=\"elementor-element elementor-element-a8f36df elementor-widget elementor-widget-heading\" data-id=\"a8f36df\" data-element_type=\"widget\" data-e-type=\"widget\" data-widget_type=\"heading.default\">\n\t\t\t\t<div class=\"elementor-widget-container\">\n\t\t\t\t\t<h3 class=\"elementor-heading-title elementor-size-default\">MONTREZ VOTRE TALENT \u00c0 SUNVIG.<\/h3>\t\t\t\t<\/div>\n\t\t\t\t<\/div>\n\t\t\t\t<div class=\"elementor-element elementor-element-9fc1434 elementor-widget elementor-widget-text-editor\" data-id=\"9fc1434\" data-element_type=\"widget\" data-e-type=\"widget\" data-widget_type=\"text-editor.default\">\n\t\t\t\t<div class=\"elementor-widget-container\">\n\t\t\t\t\t\t\t\t\t<p>Vous voulez travailler pour l&rsquo;une des plus grandes marques dans le domaine du karaok\u00e9 ? Rejoignez l&rsquo;\u00e9quipe des Solutions d&rsquo;entreprise karaok\u00e9 de SUNVIG ! Travailler chez SUNVIG signifie faire partie d&rsquo;une \u00e9quipe de coll\u00e8gues d\u00e9vou\u00e9s et travailleurs, passionn\u00e9s de karaok\u00e9. Nous aidons nos nombreux clients internationaux \u00e0 trouver la meilleure solution karaok\u00e9 et faisons tout notre possible pour leur offrir une exp\u00e9rience karaok\u00e9 authentique.    <\/p>\n<p>Cela vous semble-t-il int\u00e9ressant ? Ensuite, consultez nos offres d&#8217;emploi, postulez et devenez un membre pr\u00e9cieux de cette entreprise. Nous attendons avec impatience votre candidature.  <\/p>\n\t\t\t\t\t\t\t\t<\/div>\n\t\t\t\t<\/div>\n\t\t\t\t\t<\/div>\n\t\t\t\t<\/div>\n\t\t<div class=\"elementor-element elementor-element-9cc68a1 e-flex e-con-boxed e-con e-parent\" data-id=\"9cc68a1\" data-element_type=\"container\" data-e-type=\"container\" data-settings=\"{&quot;jet_parallax_layout_list&quot;:[],&quot;background_background&quot;:&quot;classic&quot;}\">\n\t\t\t\t\t<div class=\"e-con-inner\">\n\t\t\t\t<div class=\"elementor-element elementor-element-0fbc682 elementor-widget elementor-widget-heading\" data-id=\"0fbc682\" data-element_type=\"widget\" data-e-type=\"widget\" data-widget_type=\"heading.default\">\n\t\t\t\t<div class=\"elementor-widget-container\">\n\t\t\t\t\t<h3 class=\"elementor-heading-title elementor-size-default\">Vacances<\/h3>\t\t\t\t<\/div>\n\t\t\t\t<\/div>\n\t\t\t\t<div class=\"elementor-element elementor-element-47944d3 elementor-widget-divider--view-line elementor-widget elementor-widget-divider\" data-id=\"47944d3\" data-element_type=\"widget\" data-e-type=\"widget\" data-widget_type=\"divider.default\">\n\t\t\t\t<div class=\"elementor-widget-container\">\n\t\t\t\t\t\t\t<div class=\"elementor-divider\">\n\t\t\t<span class=\"elementor-divider-separator\">\n\t\t\t\t\t\t<\/span>\n\t\t<\/div>\n\t\t\t\t\t\t<\/div>\n\t\t\t\t<\/div>\n\t\t\t\t<div class=\"elementor-element elementor-element-e5ba4e6 elementor-widget elementor-widget-jet-listing-grid\" data-id=\"e5ba4e6\" data-element_type=\"widget\" data-e-type=\"widget\" data-settings=\"{&quot;columns&quot;:&quot;2&quot;,&quot;columns_mobile&quot;:&quot;1&quot;}\" data-widget_type=\"jet-listing-grid.default\">\n\t\t\t\t<div class=\"elementor-widget-container\">\n\t\t\t\t\t<div class=\"jet-listing-grid jet-listing\"><div class=\"jet-listing-not-found jet-listing-grid__items\" data-nav=\"{&quot;enabled&quot;:false,&quot;type&quot;:null,&quot;more_el&quot;:null,&quot;query&quot;:[],&quot;widget_settings&quot;:{&quot;lisitng_id&quot;:932,&quot;posts_num&quot;:6,&quot;columns&quot;:2,&quot;columns_tablet&quot;:2,&quot;columns_mobile&quot;:1,&quot;column_min_width&quot;:240,&quot;column_min_width_tablet&quot;:240,&quot;column_min_width_mobile&quot;:240,&quot;inline_columns_css&quot;:false,&quot;is_archive_template&quot;:&quot;&quot;,&quot;post_status&quot;:[&quot;publish&quot;],&quot;use_random_posts_num&quot;:&quot;&quot;,&quot;max_posts_num&quot;:9,&quot;not_found_message&quot;:&quot;Il n&#039;y a actuellement aucune vacance disponible&quot;,&quot;is_masonry&quot;:false,&quot;equal_columns_height&quot;:&quot;&quot;,&quot;use_load_more&quot;:&quot;&quot;,&quot;load_more_id&quot;:&quot;&quot;,&quot;load_more_type&quot;:&quot;click&quot;,&quot;load_more_offset&quot;:{&quot;unit&quot;:&quot;px&quot;,&quot;size&quot;:0,&quot;sizes&quot;:[]},&quot;use_custom_post_types&quot;:&quot;&quot;,&quot;custom_post_types&quot;:[],&quot;hide_widget_if&quot;:&quot;&quot;,&quot;carousel_enabled&quot;:&quot;&quot;,&quot;slides_to_scroll&quot;:&quot;1&quot;,&quot;arrows&quot;:&quot;true&quot;,&quot;arrow_icon&quot;:&quot;fa fa-angle-left&quot;,&quot;dots&quot;:&quot;&quot;,&quot;autoplay&quot;:&quot;true&quot;,&quot;pause_on_hover&quot;:&quot;true&quot;,&quot;autoplay_speed&quot;:5000,&quot;infinite&quot;:&quot;true&quot;,&quot;center_mode&quot;:&quot;&quot;,&quot;effect&quot;:&quot;slide&quot;,&quot;speed&quot;:500,&quot;inject_alternative_items&quot;:&quot;&quot;,&quot;injection_items&quot;:[],&quot;scroll_slider_enabled&quot;:&quot;&quot;,&quot;scroll_slider_on&quot;:[&quot;desktop&quot;,&quot;tablet&quot;,&quot;mobile&quot;],&quot;custom_query&quot;:false,&quot;custom_query_id&quot;:&quot;&quot;,&quot;_element_id&quot;:&quot;&quot;,&quot;collapse_first_last_gap&quot;:false,&quot;list_tag_selection&quot;:&quot;&quot;,&quot;list_items_wrapper_tag&quot;:&quot;div&quot;,&quot;list_item_tag&quot;:&quot;div&quot;,&quot;empty_items_wrapper_tag&quot;:&quot;div&quot;}}\" data-listing-source=\"posts\" data-listing-id=\"932\" data-query-id=\"\" data-queried-id=\"2137|WP_Post\">Il n'y a actuellement aucune vacance disponible<\/div><\/div>\t\t\t\t<\/div>\n\t\t\t\t<\/div>\n\t\t\t\t\t<\/div>\n\t\t\t\t<\/div>\n\t\t<div class=\"elementor-element elementor-element-0c06cc3 e-flex e-con-boxed e-con e-parent\" data-id=\"0c06cc3\" data-element_type=\"container\" data-e-type=\"container\" data-settings=\"{&quot;jet_parallax_layout_list&quot;:[]}\">\n\t\t\t\t\t<div class=\"e-con-inner\">\n\t\t\t\t<div class=\"elementor-element elementor-element-aa2be98 elementor-widget elementor-widget-heading\" data-id=\"aa2be98\" data-element_type=\"widget\" data-e-type=\"widget\" data-widget_type=\"heading.default\">\n\t\t\t\t<div class=\"elementor-widget-container\">\n\t\t\t\t\t<h3 class=\"elementor-heading-title elementor-size-default\">Stages<\/h3>\t\t\t\t<\/div>\n\t\t\t\t<\/div>\n\t\t\t\t<div class=\"elementor-element elementor-element-eac1869 elementor-widget-divider--view-line elementor-widget elementor-widget-divider\" data-id=\"eac1869\" data-element_type=\"widget\" data-e-type=\"widget\" data-widget_type=\"divider.default\">\n\t\t\t\t<div class=\"elementor-widget-container\">\n\t\t\t\t\t\t\t<div class=\"elementor-divider\">\n\t\t\t<span class=\"elementor-divider-separator\">\n\t\t\t\t\t\t<\/span>\n\t\t<\/div>\n\t\t\t\t\t\t<\/div>\n\t\t\t\t<\/div>\n\t\t\t\t<div class=\"elementor-element elementor-element-c07d38a elementor-widget elementor-widget-jet-listing-grid\" data-id=\"c07d38a\" data-element_type=\"widget\" data-e-type=\"widget\" data-settings=\"{&quot;columns&quot;:&quot;2&quot;,&quot;columns_mobile&quot;:&quot;1&quot;}\" data-widget_type=\"jet-listing-grid.default\">\n\t\t\t\t<div class=\"elementor-widget-container\">\n\t\t\t\t\t<div class=\"jet-listing-grid jet-listing\"><div class=\"jet-listing-not-found jet-listing-grid__items\" data-nav=\"{&quot;enabled&quot;:false,&quot;type&quot;:null,&quot;more_el&quot;:null,&quot;query&quot;:[],&quot;widget_settings&quot;:{&quot;lisitng_id&quot;:958,&quot;posts_num&quot;:6,&quot;columns&quot;:2,&quot;columns_tablet&quot;:2,&quot;columns_mobile&quot;:1,&quot;column_min_width&quot;:240,&quot;column_min_width_tablet&quot;:240,&quot;column_min_width_mobile&quot;:240,&quot;inline_columns_css&quot;:false,&quot;is_archive_template&quot;:&quot;&quot;,&quot;post_status&quot;:[&quot;publish&quot;],&quot;use_random_posts_num&quot;:&quot;&quot;,&quot;max_posts_num&quot;:9,&quot;not_found_message&quot;:&quot;Il n&#039;y a actuellement aucun stage disponible&quot;,&quot;is_masonry&quot;:false,&quot;equal_columns_height&quot;:&quot;&quot;,&quot;use_load_more&quot;:&quot;&quot;,&quot;load_more_id&quot;:&quot;&quot;,&quot;load_more_type&quot;:&quot;click&quot;,&quot;load_more_offset&quot;:{&quot;unit&quot;:&quot;px&quot;,&quot;size&quot;:0,&quot;sizes&quot;:[]},&quot;use_custom_post_types&quot;:&quot;&quot;,&quot;custom_post_types&quot;:[],&quot;hide_widget_if&quot;:&quot;&quot;,&quot;carousel_enabled&quot;:&quot;&quot;,&quot;slides_to_scroll&quot;:&quot;1&quot;,&quot;arrows&quot;:&quot;true&quot;,&quot;arrow_icon&quot;:&quot;fa fa-angle-left&quot;,&quot;dots&quot;:&quot;&quot;,&quot;autoplay&quot;:&quot;true&quot;,&quot;pause_on_hover&quot;:&quot;true&quot;,&quot;autoplay_speed&quot;:5000,&quot;infinite&quot;:&quot;true&quot;,&quot;center_mode&quot;:&quot;&quot;,&quot;effect&quot;:&quot;slide&quot;,&quot;speed&quot;:500,&quot;inject_alternative_items&quot;:&quot;&quot;,&quot;injection_items&quot;:[],&quot;scroll_slider_enabled&quot;:&quot;&quot;,&quot;scroll_slider_on&quot;:[&quot;desktop&quot;,&quot;tablet&quot;,&quot;mobile&quot;],&quot;custom_query&quot;:false,&quot;custom_query_id&quot;:&quot;&quot;,&quot;_element_id&quot;:&quot;&quot;,&quot;collapse_first_last_gap&quot;:false,&quot;list_tag_selection&quot;:&quot;&quot;,&quot;list_items_wrapper_tag&quot;:&quot;div&quot;,&quot;list_item_tag&quot;:&quot;div&quot;,&quot;empty_items_wrapper_tag&quot;:&quot;div&quot;}}\" data-listing-source=\"posts\" data-listing-id=\"958\" data-query-id=\"\" data-queried-id=\"2137|WP_Post\">Il n'y a actuellement aucun stage disponible<\/div><\/div>\t\t\t\t<\/div>\n\t\t\t\t<\/div>\n\t\t\t\t\t<\/div>\n\t\t\t\t<\/div>\n\t\t<div class=\"elementor-element elementor-element-662e809 e-flex e-con-boxed e-con e-parent\" data-id=\"662e809\" data-element_type=\"container\" data-e-type=\"container\" data-settings=\"{&quot;jet_parallax_layout_list&quot;:[]}\">\n\t\t\t\t\t<div class=\"e-con-inner\">\n\t\t\t\t<div class=\"elementor-element elementor-element-7bf0e75 elementor-widget elementor-widget-heading\" data-id=\"7bf0e75\" data-element_type=\"widget\" data-e-type=\"widget\" data-widget_type=\"heading.default\">\n\t\t\t\t<div class=\"elementor-widget-container\">\n\t\t\t\t\t<h2 class=\"elementor-heading-title elementor-size-default\">PUIS-JE ENVOYER UNE CANDIDATURE OUVERTE ?<\/h2>\t\t\t\t<\/div>\n\t\t\t\t<\/div>\n\t\t\t\t<div class=\"elementor-element elementor-element-9c7c451 elementor-widget elementor-widget-text-editor\" data-id=\"9c7c451\" data-element_type=\"widget\" data-e-type=\"widget\" data-widget_type=\"text-editor.default\">\n\t\t\t\t<div class=\"elementor-widget-container\">\n\t\t\t\t\t\t\t\t\t<p>Nous n&rsquo;acceptons actuellement pas de candidatures spontan\u00e9es. C&rsquo;est pourquoi il est logique de postuler uniquement si un poste est ouvert. Y a-t-il une offre d&#8217;emploi sur notre site Web qui vous int\u00e9resse ? Alors postulez sp\u00e9cifiquement pour cette offre.   <\/p>\n\t\t\t\t\t\t\t\t<\/div>\n\t\t\t\t<\/div>\n\t\t\t\t<div class=\"elementor-element elementor-element-5ceb43c elementor-widget elementor-widget-heading\" data-id=\"5ceb43c\" data-element_type=\"widget\" data-e-type=\"widget\" data-widget_type=\"heading.default\">\n\t\t\t\t<div class=\"elementor-widget-container\">\n\t\t\t\t\t<h2 class=\"elementor-heading-title elementor-size-default\">SUNVIG CONSERVE-T-IL MA CANDIDATURE JUSQU'\u00c0 CE QU'UN NOUVEAU POSTE SOIT VACANT ?<\/h2>\t\t\t\t<\/div>\n\t\t\t\t<\/div>\n\t\t\t\t<div class=\"elementor-element elementor-element-f1c3ab0 elementor-widget elementor-widget-text-editor\" data-id=\"f1c3ab0\" data-element_type=\"widget\" data-e-type=\"widget\" data-widget_type=\"text-editor.default\">\n\t\t\t\t<div class=\"elementor-widget-container\">\n\t\t\t\t\t\t\t\t\t<p>Pour des raisons de confidentialit\u00e9, nous ne sommes pas autoris\u00e9s \u00e0 conserver votre CV jusqu&rsquo;\u00e0 ce qu&rsquo;un nouveau poste soit disponible. C&rsquo;est pourquoi nous vous demandons de postuler \u00e0 nouveau lorsqu&rsquo;un nouveau poste est publi\u00e9 sur ce site web. <\/p>\n\t\t\t\t\t\t\t\t<\/div>\n\t\t\t\t<\/div>\n\t\t\t\t\t<\/div>\n\t\t\t\t<\/div>\n\t\t\t\t<\/div>\n\t\t","protected":false},"excerpt":{"rendered":"<p>Emplois FAITES PARTIE DE LA FAMILLE SUNVIG. MONTREZ VOTRE TALENT \u00c0 SUNVIG. Vous voulez travailler pour l&rsquo;une des plus grandes marques dans le domaine du karaok\u00e9 ? Rejoignez l&rsquo;\u00e9quipe des Solutions d&rsquo;entreprise karaok\u00e9 de SUNVIG ! Travailler chez SUNVIG signifie faire partie d&rsquo;une \u00e9quipe de coll\u00e8gues d\u00e9vou\u00e9s et travailleurs, passionn\u00e9s de karaok\u00e9. Nous aidons nos [&hellip;]<\/p>\n","protected":false},"author":2,"featured_media":2138,"parent":0,"menu_order":0,"comment_status":"closed","ping_status":"closed","template":"","meta":{"_acf_changed":false,"_improvement_type_select":"improve_an_existing","_thumb_yes_seoaic":false,"_frame_yes_seoaic":false,"seoaic_generate_description":"","seoaic_improve_instructions_prompt":"","seoaic_rollback_content_improvement":"","seoaic_idea_thumbnail_generator":"","thumbnail_generated":false,"thumbnail_generate_prompt":"","seoaic_article_description":"","footnotes":""},"class_list":["post-2137","page","type-page","status-publish","has-post-thumbnail","hentry"],"acf":[],"yoast_head":"<!-- This site is optimized with the Yoast SEO Premium plugin v25.3.1 (Yoast SEO v27.1.1) - https:\/\/yoast.com\/product\/yoast-seo-premium-wordpress\/ -->\n<title>Emplois - SUNVIG<\/title>\n<meta name=\"description\" content=\"Voulez-vous travailler pour l&#039;une des plus grandes marques de karaok\u00e9 d&#039;Europe ? Consultez les postes vacants chez SUNVIG et postulez d\u00e8s maintenant !\" \/>\n<meta name=\"robots\" content=\"index, follow, max-snippet:-1, max-image-preview:large, max-video-preview:-1\" \/>\n<link rel=\"canonical\" href=\"https:\/\/sunvig.com\/fr\/emplois\/\" \/>\n<meta property=\"og:locale\" content=\"fr_FR\" \/>\n<meta property=\"og:type\" content=\"article\" \/>\n<meta property=\"og:title\" content=\"Emplois\" \/>\n<meta property=\"og:description\" content=\"Voulez-vous travailler pour l&#039;une des plus grandes marques de karaok\u00e9 d&#039;Europe ? Consultez les postes vacants chez SUNVIG et postulez d\u00e8s maintenant !\" \/>\n<meta property=\"og:url\" content=\"https:\/\/sunvig.com\/fr\/emplois\/\" \/>\n<meta property=\"og:site_name\" content=\"SUNVIG\" \/>\n<meta property=\"article:modified_time\" content=\"2024-05-29T10:32:55+00:00\" \/>\n<meta name=\"twitter:card\" content=\"summary_large_image\" \/>\n<meta name=\"twitter:label1\" content=\"Dur\u00e9e de lecture estim\u00e9e\" \/>\n\t<meta name=\"twitter:data1\" content=\"1 minute\" \/>\n<script type=\"application\/ld+json\" class=\"yoast-schema-graph\">{\"@context\":\"https:\/\/schema.org\",\"@graph\":[{\"@type\":\"WebPage\",\"@id\":\"https:\/\/sunvig.com\/fr\/emplois\/\",\"url\":\"https:\/\/sunvig.com\/fr\/emplois\/\",\"name\":\"Emplois - SUNVIG\",\"isPartOf\":{\"@id\":\"https:\/\/sunvig.com\/fr\/#website\"},\"primaryImageOfPage\":{\"@id\":\"https:\/\/sunvig.com\/fr\/emplois\/#primaryimage\"},\"image\":{\"@id\":\"https:\/\/sunvig.com\/fr\/emplois\/#primaryimage\"},\"thumbnailUrl\":\"https:\/\/sunvig.com\/wp-content\/uploads\/2024\/01\/Factory2-2-2048x1536-1.jpg\",\"datePublished\":\"2024-01-23T08:58:06+00:00\",\"dateModified\":\"2024-05-29T10:32:55+00:00\",\"description\":\"Voulez-vous travailler pour l'une des plus grandes marques de karaok\u00e9 d'Europe ? Consultez les postes vacants chez SUNVIG et postulez d\u00e8s maintenant !\",\"breadcrumb\":{\"@id\":\"https:\/\/sunvig.com\/fr\/emplois\/#breadcrumb\"},\"inLanguage\":\"fr-FR\",\"potentialAction\":[{\"@type\":\"ReadAction\",\"target\":[\"https:\/\/sunvig.com\/fr\/emplois\/\"]}]},{\"@type\":\"ImageObject\",\"inLanguage\":\"fr-FR\",\"@id\":\"https:\/\/sunvig.com\/fr\/emplois\/#primaryimage\",\"url\":\"https:\/\/sunvig.com\/wp-content\/uploads\/2024\/01\/Factory2-2-2048x1536-1.jpg\",\"contentUrl\":\"https:\/\/sunvig.com\/wp-content\/uploads\/2024\/01\/Factory2-2-2048x1536-1.jpg\",\"width\":2048,\"height\":1536,\"caption\":\"SUNVIG jobs - become part of the SUNVIG family\"},{\"@type\":\"BreadcrumbList\",\"@id\":\"https:\/\/sunvig.com\/fr\/emplois\/#breadcrumb\",\"itemListElement\":[{\"@type\":\"ListItem\",\"position\":1,\"name\":\"Home\",\"item\":\"https:\/\/sunvig.com\/fr\/home\/\"},{\"@type\":\"ListItem\",\"position\":2,\"name\":\"Emplois\"}]},{\"@type\":\"WebSite\",\"@id\":\"https:\/\/sunvig.com\/fr\/#website\",\"url\":\"https:\/\/sunvig.com\/fr\/\",\"name\":\"SUNVIG\",\"description\":\"Karaoke Solutions\",\"potentialAction\":[{\"@type\":\"SearchAction\",\"target\":{\"@type\":\"EntryPoint\",\"urlTemplate\":\"https:\/\/sunvig.com\/fr\/?s={search_term_string}\"},\"query-input\":{\"@type\":\"PropertyValueSpecification\",\"valueRequired\":true,\"valueName\":\"search_term_string\"}}],\"inLanguage\":\"fr-FR\"}]}<\/script>\n<!-- \/ Yoast SEO Premium plugin. -->","yoast_head_json":{"title":"Emplois - SUNVIG","description":"Voulez-vous travailler pour l'une des plus grandes marques de karaok\u00e9 d'Europe ? Consultez les postes vacants chez SUNVIG et postulez d\u00e8s maintenant !","robots":{"index":"index","follow":"follow","max-snippet":"max-snippet:-1","max-image-preview":"max-image-preview:large","max-video-preview":"max-video-preview:-1"},"canonical":"https:\/\/sunvig.com\/fr\/emplois\/","og_locale":"fr_FR","og_type":"article","og_title":"Emplois","og_description":"Voulez-vous travailler pour l'une des plus grandes marques de karaok\u00e9 d'Europe ? Consultez les postes vacants chez SUNVIG et postulez d\u00e8s maintenant !","og_url":"https:\/\/sunvig.com\/fr\/emplois\/","og_site_name":"SUNVIG","article_modified_time":"2024-05-29T10:32:55+00:00","twitter_card":"summary_large_image","twitter_misc":{"Dur\u00e9e de lecture estim\u00e9e":"1 minute"},"schema":{"@context":"https:\/\/schema.org","@graph":[{"@type":"WebPage","@id":"https:\/\/sunvig.com\/fr\/emplois\/","url":"https:\/\/sunvig.com\/fr\/emplois\/","name":"Emplois - SUNVIG","isPartOf":{"@id":"https:\/\/sunvig.com\/fr\/#website"},"primaryImageOfPage":{"@id":"https:\/\/sunvig.com\/fr\/emplois\/#primaryimage"},"image":{"@id":"https:\/\/sunvig.com\/fr\/emplois\/#primaryimage"},"thumbnailUrl":"https:\/\/sunvig.com\/wp-content\/uploads\/2024\/01\/Factory2-2-2048x1536-1.jpg","datePublished":"2024-01-23T08:58:06+00:00","dateModified":"2024-05-29T10:32:55+00:00","description":"Voulez-vous travailler pour l'une des plus grandes marques de karaok\u00e9 d'Europe ? Consultez les postes vacants chez SUNVIG et postulez d\u00e8s maintenant !","breadcrumb":{"@id":"https:\/\/sunvig.com\/fr\/emplois\/#breadcrumb"},"inLanguage":"fr-FR","potentialAction":[{"@type":"ReadAction","target":["https:\/\/sunvig.com\/fr\/emplois\/"]}]},{"@type":"ImageObject","inLanguage":"fr-FR","@id":"https:\/\/sunvig.com\/fr\/emplois\/#primaryimage","url":"https:\/\/sunvig.com\/wp-content\/uploads\/2024\/01\/Factory2-2-2048x1536-1.jpg","contentUrl":"https:\/\/sunvig.com\/wp-content\/uploads\/2024\/01\/Factory2-2-2048x1536-1.jpg","width":2048,"height":1536,"caption":"SUNVIG jobs - become part of the SUNVIG family"},{"@type":"BreadcrumbList","@id":"https:\/\/sunvig.com\/fr\/emplois\/#breadcrumb","itemListElement":[{"@type":"ListItem","position":1,"name":"Home","item":"https:\/\/sunvig.com\/fr\/home\/"},{"@type":"ListItem","position":2,"name":"Emplois"}]},{"@type":"WebSite","@id":"https:\/\/sunvig.com\/fr\/#website","url":"https:\/\/sunvig.com\/fr\/","name":"SUNVIG","description":"Karaoke Solutions","potentialAction":[{"@type":"SearchAction","target":{"@type":"EntryPoint","urlTemplate":"https:\/\/sunvig.com\/fr\/?s={search_term_string}"},"query-input":{"@type":"PropertyValueSpecification","valueRequired":true,"valueName":"search_term_string"}}],"inLanguage":"fr-FR"}]}},"_links":{"self":[{"href":"https:\/\/sunvig.com\/fr\/wp-json\/wp\/v2\/pages\/2137","targetHints":{"allow":["GET"]}}],"collection":[{"href":"https:\/\/sunvig.com\/fr\/wp-json\/wp\/v2\/pages"}],"about":[{"href":"https:\/\/sunvig.com\/fr\/wp-json\/wp\/v2\/types\/page"}],"author":[{"embeddable":true,"href":"https:\/\/sunvig.com\/fr\/wp-json\/wp\/v2\/users\/2"}],"replies":[{"embeddable":true,"href":"https:\/\/sunvig.com\/fr\/wp-json\/wp\/v2\/comments?post=2137"}],"version-history":[{"count":4,"href":"https:\/\/sunvig.com\/fr\/wp-json\/wp\/v2\/pages\/2137\/revisions"}],"predecessor-version":[{"id":4035,"href":"https:\/\/sunvig.com\/fr\/wp-json\/wp\/v2\/pages\/2137\/revisions\/4035"}],"wp:featuredmedia":[{"embeddable":true,"href":"https:\/\/sunvig.com\/fr\/wp-json\/wp\/v2\/media\/2138"}],"wp:attachment":[{"href":"https:\/\/sunvig.com\/fr\/wp-json\/wp\/v2\/media?parent=2137"}],"curies":[{"name":"wp","href":"https:\/\/api.w.org\/{rel}","templated":true}]}}