{"id":8656,"date":"2024-10-13T16:32:47","date_gmt":"2024-10-13T15:32:47","guid":{"rendered":"https:\/\/sunvig.com\/concetti\/"},"modified":"2025-03-03T14:34:18","modified_gmt":"2025-03-03T13:34:18","slug":"concetti","status":"publish","type":"page","link":"https:\/\/sunvig.com\/it\/concetti\/","title":{"rendered":"Concetti"},"content":{"rendered":"\t\t<div data-elementor-type=\"wp-page\" data-elementor-id=\"8656\" class=\"elementor elementor-8656 elementor-6350\" data-elementor-post-type=\"page\">\n\t\t\t\t<div class=\"elementor-element elementor-element-43efab2 e-flex e-con-boxed e-con e-parent\" data-id=\"43efab2\" data-element_type=\"container\" data-e-type=\"container\" data-settings=\"{&quot;background_background&quot;:&quot;classic&quot;,&quot;jet_parallax_layout_list&quot;:[],&quot;shape_divider_bottom&quot;:&quot;curve&quot;,&quot;background_motion_fx_motion_fx_scrolling&quot;:&quot;yes&quot;,&quot;background_motion_fx_scale_effect&quot;:&quot;yes&quot;,&quot;background_motion_fx_scale_speed&quot;:{&quot;unit&quot;:&quot;px&quot;,&quot;size&quot;:2,&quot;sizes&quot;:[]},&quot;motion_fx_motion_fx_scrolling&quot;:&quot;yes&quot;,&quot;animation&quot;:&quot;none&quot;,&quot;shape_divider_bottom_negative&quot;:&quot;yes&quot;,&quot;background_motion_fx_blur_effect&quot;:&quot;yes&quot;,&quot;background_motion_fx_blur_direction&quot;:&quot;in-out&quot;,&quot;background_motion_fx_blur_level&quot;:{&quot;unit&quot;:&quot;px&quot;,&quot;size&quot;:8,&quot;sizes&quot;:[]},&quot;background_motion_fx_blur_range&quot;:{&quot;unit&quot;:&quot;%&quot;,&quot;size&quot;:&quot;&quot;,&quot;sizes&quot;:{&quot;start&quot;:33,&quot;end&quot;:55}},&quot;background_motion_fx_scale_range&quot;:{&quot;unit&quot;:&quot;%&quot;,&quot;size&quot;:&quot;&quot;,&quot;sizes&quot;:{&quot;start&quot;:20,&quot;end&quot;:71}},&quot;background_motion_fx_scale_direction&quot;:&quot;out-in&quot;,&quot;background_motion_fx_devices&quot;:[&quot;desktop&quot;,&quot;tablet&quot;,&quot;mobile&quot;],&quot;motion_fx_devices&quot;:[&quot;desktop&quot;,&quot;tablet&quot;,&quot;mobile&quot;]}\">\n\t\t\t\t\t<div class=\"e-con-inner\">\n\t\t\t\t<div class=\"elementor-shape elementor-shape-bottom\" aria-hidden=\"true\" data-negative=\"true\">\n\t\t\t<svg xmlns=\"http:\/\/www.w3.org\/2000\/svg\" viewBox=\"0 0 1000 100\" preserveAspectRatio=\"none\">\n\t<path class=\"elementor-shape-fill\" d=\"M500,97C126.7,96.3,0.8,19.8,0,0v100l1000,0V1C1000,19.4,873.3,97.8,500,97z\"\/>\n<\/svg>\t\t<\/div>\n\t\t<div class=\"elementor-element elementor-element-e5d399c e-con-full e-flex e-con e-child\" data-id=\"e5d399c\" data-element_type=\"container\" data-e-type=\"container\" data-settings=\"{&quot;jet_parallax_layout_list&quot;:[]}\">\n\t\t<div class=\"elementor-element elementor-element-3de8893 e-con-full e-flex e-con e-child\" data-id=\"3de8893\" data-element_type=\"container\" data-e-type=\"container\" data-settings=\"{&quot;jet_parallax_layout_list&quot;:[]}\">\n\t\t\t\t<div class=\"elementor-element elementor-element-ab6498e elementor-widget elementor-widget-heading\" data-id=\"ab6498e\" data-element_type=\"widget\" data-e-type=\"widget\" data-widget_type=\"heading.default\">\n\t\t\t\t<div class=\"elementor-widget-container\">\n\t\t\t\t\t<h2 class=\"elementor-heading-title elementor-size-default\">Concetti di Karaoke<\/h2>\t\t\t\t<\/div>\n\t\t\t\t<\/div>\n\t\t\t\t<div class=\"elementor-element elementor-element-84362a2 elementor-widget elementor-widget-heading\" data-id=\"84362a2\" data-element_type=\"widget\" data-e-type=\"widget\" data-widget_type=\"heading.default\">\n\t\t\t\t<div class=\"elementor-widget-container\">\n\t\t\t\t\t<h3 class=\"elementor-heading-title elementor-size-default\">Aumenta il tuo business con l'intrattenimento sociale<\/h3>\t\t\t\t<\/div>\n\t\t\t\t<\/div>\n\t\t\t\t<\/div>\n\t\t\t\t<\/div>\n\t\t\t\t\t<\/div>\n\t\t\t\t<\/div>\n\t\t<div class=\"elementor-element elementor-element-85d4ae7 e-flex e-con-boxed e-con e-parent\" data-id=\"85d4ae7\" data-element_type=\"container\" data-e-type=\"container\" data-settings=\"{&quot;jet_parallax_layout_list&quot;:[]}\">\n\t\t\t\t\t<div class=\"e-con-inner\">\n\t\t\t\t<div class=\"elementor-element elementor-element-62b1d37 elementor-widget elementor-widget-text-editor\" data-id=\"62b1d37\" data-element_type=\"widget\" data-e-type=\"widget\" data-widget_type=\"text-editor.default\">\n\t\t\t\t<div class=\"elementor-widget-container\">\n\t\t\t\t\t\t\t\t\t<p>Il karaoke \u00e8 una soluzione perfetta per le industrie del tempo libero, dell&#8217;ospitalit\u00e0 e del commercio al dettaglio, e pu\u00f2 essere applicato come intrattenimento in vari concetti. SUNVIG offre diverse soluzioni che soddisfano le esigenze del mercato e possono aiutarti a implementare vari concetti, che si tratti di una sala karaoke privata (KTV), soluzioni per bar ed eventi, o sistemi pop-up chiavi in mano.<\/p>\n\t\t\t\t\t\t\t\t<\/div>\n\t\t\t\t<\/div>\n\t\t\t\t\t<\/div>\n\t\t\t\t<\/div>\n\t\t<div class=\"elementor-element elementor-element-b06e5ad e-flex e-con-boxed e-con e-parent\" data-id=\"b06e5ad\" data-element_type=\"container\" data-e-type=\"container\" data-settings=\"{&quot;background_background&quot;:&quot;classic&quot;,&quot;jet_parallax_layout_list&quot;:[],&quot;shape_divider_top&quot;:&quot;curve&quot;,&quot;shape_divider_top_negative&quot;:&quot;yes&quot;}\">\n\t\t\t\t\t<div class=\"e-con-inner\">\n\t\t\t\t<div class=\"elementor-shape elementor-shape-top\" aria-hidden=\"true\" data-negative=\"true\">\n\t\t\t<svg xmlns=\"http:\/\/www.w3.org\/2000\/svg\" viewBox=\"0 0 1000 100\" preserveAspectRatio=\"none\">\n\t<path class=\"elementor-shape-fill\" d=\"M500,97C126.7,96.3,0.8,19.8,0,0v100l1000,0V1C1000,19.4,873.3,97.8,500,97z\"\/>\n<\/svg>\t\t<\/div>\n\t\t<div class=\"elementor-element elementor-element-46906b0 e-flex e-con-boxed e-con e-child\" data-id=\"46906b0\" data-element_type=\"container\" data-e-type=\"container\" data-settings=\"{&quot;jet_parallax_layout_list&quot;:[]}\">\n\t\t\t\t\t<div class=\"e-con-inner\">\n\t\t<div class=\"elementor-element elementor-element-f22ebec e-con-full e-grid e-con e-child\" data-id=\"f22ebec\" data-element_type=\"container\" data-e-type=\"container\" data-settings=\"{&quot;jet_parallax_layout_list&quot;:[]}\">\n\t\t<div class=\"elementor-element elementor-element-49d1e6f e-con-full e-transform e-flex e-con e-child\" data-id=\"49d1e6f\" data-element_type=\"container\" data-e-type=\"container\" data-settings=\"{&quot;jet_parallax_layout_list&quot;:[],&quot;background_background&quot;:&quot;classic&quot;,&quot;_transform_scale_effect_hover&quot;:{&quot;unit&quot;:&quot;px&quot;,&quot;size&quot;:1.02,&quot;sizes&quot;:[]},&quot;_transform_scale_effect_hover_tablet&quot;:{&quot;unit&quot;:&quot;px&quot;,&quot;size&quot;:&quot;&quot;,&quot;sizes&quot;:[]},&quot;_transform_scale_effect_hover_mobile&quot;:{&quot;unit&quot;:&quot;px&quot;,&quot;size&quot;:&quot;&quot;,&quot;sizes&quot;:[]}}\">\n\t\t<div class=\"elementor-element elementor-element-a2a6ee3 e-con-full e-flex e-con e-child\" data-id=\"a2a6ee3\" data-element_type=\"container\" data-e-type=\"container\" data-settings=\"{&quot;shape_divider_bottom&quot;:&quot;curve&quot;,&quot;jet_parallax_layout_list&quot;:[],&quot;background_background&quot;:&quot;classic&quot;}\">\n\t\t\t\t<div class=\"elementor-shape elementor-shape-bottom\" aria-hidden=\"true\" data-negative=\"false\">\n\t\t\t<svg xmlns=\"http:\/\/www.w3.org\/2000\/svg\" viewBox=\"0 0 1000 100\" preserveAspectRatio=\"none\">\n    <path class=\"elementor-shape-fill\" d=\"M1000,4.3V0H0v4.3C0.9,23.1,126.7,99.2,500,100S1000,22.7,1000,4.3z\"\/>\n<\/svg>\t\t<\/div>\n\t\t\t\t<\/div>\n\t\t<div class=\"elementor-element elementor-element-3578c5b e-flex e-con-boxed e-con e-child\" data-id=\"3578c5b\" data-element_type=\"container\" data-e-type=\"container\" data-settings=\"{&quot;jet_parallax_layout_list&quot;:[],&quot;background_background&quot;:&quot;gradient&quot;}\">\n\t\t\t\t\t<div class=\"e-con-inner\">\n\t\t<div class=\"elementor-element elementor-element-5567e94 e-con-full e-flex e-con e-child\" data-id=\"5567e94\" data-element_type=\"container\" data-e-type=\"container\" data-settings=\"{&quot;jet_parallax_layout_list&quot;:[]}\">\n\t\t\t\t<div class=\"elementor-element elementor-element-e556b0e elementor-widget elementor-widget-heading\" data-id=\"e556b0e\" data-element_type=\"widget\" data-e-type=\"widget\" data-widget_type=\"heading.default\">\n\t\t\t\t<div class=\"elementor-widget-container\">\n\t\t\t\t\t<h3 class=\"elementor-heading-title elementor-size-default\">KTV<\/h3>\t\t\t\t<\/div>\n\t\t\t\t<\/div>\n\t\t\t\t<div class=\"elementor-element elementor-element-b91e7ed elementor-widget elementor-widget-heading\" data-id=\"b91e7ed\" data-element_type=\"widget\" data-e-type=\"widget\" data-widget_type=\"heading.default\">\n\t\t\t\t<div class=\"elementor-widget-container\">\n\t\t\t\t\t<h4 class=\"elementor-heading-title elementor-size-default\">CREA LA TUA ESPERIENZA DI INTRATTENIMENTO SOCIALE <\/h4>\t\t\t\t<\/div>\n\t\t\t\t<\/div>\n\t\t\t\t<\/div>\n\t\t\t\t<div class=\"elementor-element elementor-element-9162539 elementor-widget elementor-widget-text-editor\" data-id=\"9162539\" data-element_type=\"widget\" data-e-type=\"widget\" data-widget_type=\"text-editor.default\">\n\t\t\t\t<div class=\"elementor-widget-container\">\n\t\t\t\t\t\t\t\t\t<p>Nel mondo digitale di oggi, l&#8217;intrattenimento e la socializzazione hanno assunto nuove forme, trasformando il modo in cui ci connettiamo e trascorriamo il nostro tempo libero. Tra le attivit\u00e0 di svago, l&#8217;ascesa delle sale karaoke private KTV \u00e8 una tendenza che sta conquistando un ampio pubblico, offrendo la migliore atmosfera di benessere a livello mondiale.<\/p>\n\t\t\t\t\t\t\t\t<\/div>\n\t\t\t\t<\/div>\n\t\t\t\t<div class=\"elementor-element elementor-element-72e0be9 elementor-align-justify elementor-mobile-align-justify elementor-widget elementor-widget-button\" data-id=\"72e0be9\" data-element_type=\"widget\" data-e-type=\"widget\" data-widget_type=\"button.default\">\n\t\t\t\t<div class=\"elementor-widget-container\">\n\t\t\t\t\t\t\t\t\t<div class=\"elementor-button-wrapper\">\n\t\t\t\t\t<a class=\"elementor-button elementor-button-link elementor-size-sm\" href=\"https:\/\/sunvig.com\/en\/concepts\/ktv\/\">\n\t\t\t\t\t\t<span class=\"elementor-button-content-wrapper\">\n\t\t\t\t\t\t\t\t\t<span class=\"elementor-button-text\">Scopri di pi\u00f9<\/span>\n\t\t\t\t\t<\/span>\n\t\t\t\t\t<\/a>\n\t\t\t\t<\/div>\n\t\t\t\t\t\t\t\t<\/div>\n\t\t\t\t<\/div>\n\t\t\t\t\t<\/div>\n\t\t\t\t<\/div>\n\t\t\t\t<\/div>\n\t\t<div class=\"elementor-element elementor-element-56d9a6b e-con-full e-transform e-flex e-con e-child\" data-id=\"56d9a6b\" data-element_type=\"container\" data-e-type=\"container\" data-settings=\"{&quot;jet_parallax_layout_list&quot;:[],&quot;background_background&quot;:&quot;classic&quot;,&quot;_transform_scale_effect_hover&quot;:{&quot;unit&quot;:&quot;px&quot;,&quot;size&quot;:1.02,&quot;sizes&quot;:[]},&quot;_transform_scale_effect_hover_tablet&quot;:{&quot;unit&quot;:&quot;px&quot;,&quot;size&quot;:&quot;&quot;,&quot;sizes&quot;:[]},&quot;_transform_scale_effect_hover_mobile&quot;:{&quot;unit&quot;:&quot;px&quot;,&quot;size&quot;:&quot;&quot;,&quot;sizes&quot;:[]}}\">\n\t\t<div class=\"elementor-element elementor-element-0bb9a92 e-con-full e-flex e-con e-child\" data-id=\"0bb9a92\" data-element_type=\"container\" data-e-type=\"container\" data-settings=\"{&quot;shape_divider_bottom&quot;:&quot;curve&quot;,&quot;jet_parallax_layout_list&quot;:[],&quot;background_background&quot;:&quot;classic&quot;}\">\n\t\t\t\t<div class=\"elementor-shape elementor-shape-bottom\" aria-hidden=\"true\" data-negative=\"false\">\n\t\t\t<svg xmlns=\"http:\/\/www.w3.org\/2000\/svg\" viewBox=\"0 0 1000 100\" preserveAspectRatio=\"none\">\n    <path class=\"elementor-shape-fill\" d=\"M1000,4.3V0H0v4.3C0.9,23.1,126.7,99.2,500,100S1000,22.7,1000,4.3z\"\/>\n<\/svg>\t\t<\/div>\n\t\t\t\t<\/div>\n\t\t<div class=\"elementor-element elementor-element-c3d9053 e-flex e-con-boxed e-con e-child\" data-id=\"c3d9053\" data-element_type=\"container\" data-e-type=\"container\" data-settings=\"{&quot;jet_parallax_layout_list&quot;:[],&quot;background_background&quot;:&quot;gradient&quot;}\">\n\t\t\t\t\t<div class=\"e-con-inner\">\n\t\t<div class=\"elementor-element elementor-element-6b44da6 e-con-full e-flex e-con e-child\" data-id=\"6b44da6\" data-element_type=\"container\" data-e-type=\"container\" data-settings=\"{&quot;jet_parallax_layout_list&quot;:[]}\">\n\t\t\t\t<div class=\"elementor-element elementor-element-19623f3 elementor-widget elementor-widget-heading\" data-id=\"19623f3\" data-element_type=\"widget\" data-e-type=\"widget\" data-widget_type=\"heading.default\">\n\t\t\t\t<div class=\"elementor-widget-container\">\n\t\t\t\t\t<h3 class=\"elementor-heading-title elementor-size-default\">Bar e eventi<\/h3>\t\t\t\t<\/div>\n\t\t\t\t<\/div>\n\t\t\t\t<div class=\"elementor-element elementor-element-09b5a62 elementor-widget elementor-widget-heading\" data-id=\"09b5a62\" data-element_type=\"widget\" data-e-type=\"widget\" data-widget_type=\"heading.default\">\n\t\t\t\t<div class=\"elementor-widget-container\">\n\t\t\t\t\t<h4 class=\"elementor-heading-title elementor-size-default\">IL CONCEPT GIUSTO PER Il tuo locale<\/h4>\t\t\t\t<\/div>\n\t\t\t\t<\/div>\n\t\t\t\t<\/div>\n\t\t\t\t<div class=\"elementor-element elementor-element-1767718 elementor-widget elementor-widget-text-editor\" data-id=\"1767718\" data-element_type=\"widget\" data-e-type=\"widget\" data-widget_type=\"text-editor.default\">\n\t\t\t\t<div class=\"elementor-widget-container\">\n\t\t\t\t\t\t\t\t\t<p>SUNVIG ha raggiunto risultati premiati e acquisito esperienza nello sviluppo di soluzioni KTV\/sale karaoke private di alta qualit\u00e0; ora \u00e8 il momento di introdurre il sistema di nuova generazione per soluzioni karaoke pubbliche. Dopo due anni di ricerca e sviluppo, siamo orgogliosi di presentare il primo Social Entertainment System per Bar ed Eventi, un passo significativo verso l&#8217;innovazione.<\/p>\n\t\t\t\t\t\t\t\t<\/div>\n\t\t\t\t<\/div>\n\t\t\t\t<div class=\"elementor-element elementor-element-0220563 elementor-align-justify elementor-mobile-align-justify elementor-widget elementor-widget-button\" data-id=\"0220563\" data-element_type=\"widget\" data-e-type=\"widget\" data-widget_type=\"button.default\">\n\t\t\t\t<div class=\"elementor-widget-container\">\n\t\t\t\t\t\t\t\t\t<div class=\"elementor-button-wrapper\">\n\t\t\t\t\t<a class=\"elementor-button elementor-button-link elementor-size-sm\" href=\"https:\/\/sunvig.com\/en\/concepts\/bars-amp-events\/\">\n\t\t\t\t\t\t<span class=\"elementor-button-content-wrapper\">\n\t\t\t\t\t\t\t\t\t<span class=\"elementor-button-text\">Scopri di pi\u00f9<\/span>\n\t\t\t\t\t<\/span>\n\t\t\t\t\t<\/a>\n\t\t\t\t<\/div>\n\t\t\t\t\t\t\t\t<\/div>\n\t\t\t\t<\/div>\n\t\t\t\t\t<\/div>\n\t\t\t\t<\/div>\n\t\t\t\t<\/div>\n\t\t<div class=\"elementor-element elementor-element-55739f5 e-con-full e-transform e-flex e-con e-child\" data-id=\"55739f5\" data-element_type=\"container\" data-e-type=\"container\" data-settings=\"{&quot;jet_parallax_layout_list&quot;:[],&quot;background_background&quot;:&quot;classic&quot;,&quot;_transform_scale_effect_hover&quot;:{&quot;unit&quot;:&quot;px&quot;,&quot;size&quot;:1.02,&quot;sizes&quot;:[]},&quot;_transform_scale_effect_hover_tablet&quot;:{&quot;unit&quot;:&quot;px&quot;,&quot;size&quot;:&quot;&quot;,&quot;sizes&quot;:[]},&quot;_transform_scale_effect_hover_mobile&quot;:{&quot;unit&quot;:&quot;px&quot;,&quot;size&quot;:&quot;&quot;,&quot;sizes&quot;:[]}}\">\n\t\t<div class=\"elementor-element elementor-element-451bf73 e-con-full e-flex e-con e-child\" data-id=\"451bf73\" data-element_type=\"container\" data-e-type=\"container\" data-settings=\"{&quot;shape_divider_bottom&quot;:&quot;curve&quot;,&quot;jet_parallax_layout_list&quot;:[],&quot;background_background&quot;:&quot;classic&quot;}\">\n\t\t\t\t<div class=\"elementor-shape elementor-shape-bottom\" aria-hidden=\"true\" data-negative=\"false\">\n\t\t\t<svg xmlns=\"http:\/\/www.w3.org\/2000\/svg\" viewBox=\"0 0 1000 100\" preserveAspectRatio=\"none\">\n    <path class=\"elementor-shape-fill\" d=\"M1000,4.3V0H0v4.3C0.9,23.1,126.7,99.2,500,100S1000,22.7,1000,4.3z\"\/>\n<\/svg>\t\t<\/div>\n\t\t\t\t<\/div>\n\t\t<div class=\"elementor-element elementor-element-c05ab9a e-flex e-con-boxed e-con e-child\" data-id=\"c05ab9a\" data-element_type=\"container\" data-e-type=\"container\" data-settings=\"{&quot;jet_parallax_layout_list&quot;:[],&quot;background_background&quot;:&quot;gradient&quot;}\">\n\t\t\t\t\t<div class=\"e-con-inner\">\n\t\t<div class=\"elementor-element elementor-element-d8f883e e-con-full e-flex e-con e-child\" data-id=\"d8f883e\" data-element_type=\"container\" data-e-type=\"container\" data-settings=\"{&quot;jet_parallax_layout_list&quot;:[]}\">\n\t\t\t\t<div class=\"elementor-element elementor-element-de93082 elementor-widget elementor-widget-heading\" data-id=\"de93082\" data-element_type=\"widget\" data-e-type=\"widget\" data-widget_type=\"heading.default\">\n\t\t\t\t<div class=\"elementor-widget-container\">\n\t\t\t\t\t<h3 class=\"elementor-heading-title elementor-size-default\">POP-up<\/h3>\t\t\t\t<\/div>\n\t\t\t\t<\/div>\n\t\t\t\t<div class=\"elementor-element elementor-element-064b47b elementor-widget elementor-widget-heading\" data-id=\"064b47b\" data-element_type=\"widget\" data-e-type=\"widget\" data-widget_type=\"heading.default\">\n\t\t\t\t<div class=\"elementor-widget-container\">\n\t\t\t\t\t<h4 class=\"elementor-heading-title elementor-size-default\">ALZA IL DIVERTIMENTO con i nostri concetti stand-alone<\/h4>\t\t\t\t<\/div>\n\t\t\t\t<\/div>\n\t\t\t\t<\/div>\n\t\t\t\t<div class=\"elementor-element elementor-element-dbc3c58 elementor-widget elementor-widget-text-editor\" data-id=\"dbc3c58\" data-element_type=\"widget\" data-e-type=\"widget\" data-widget_type=\"text-editor.default\">\n\t\t\t\t<div class=\"elementor-widget-container\">\n\t\t\t\t\t\t\t\t\t<p>SUNVIG riconosce la domanda di mercato per soluzioni pop-up autonome che ottimizzano lo spazio e lo rendono pi\u00f9 redditizio. Perci\u00f2, abbiamo introdotto la prima soluzione pop-up chiavi in mano, adatta a location che vanno dai centri commerciali ai centri di intrattenimento per famiglie, per massimizzare la redditivit\u00e0 di questi preziosi metri quadrati.<\/p>\n\t\t\t\t\t\t\t\t<\/div>\n\t\t\t\t<\/div>\n\t\t\t\t<div class=\"elementor-element elementor-element-c2007a3 elementor-align-justify elementor-mobile-align-justify elementor-widget elementor-widget-button\" data-id=\"c2007a3\" data-element_type=\"widget\" data-e-type=\"widget\" data-widget_type=\"button.default\">\n\t\t\t\t<div class=\"elementor-widget-container\">\n\t\t\t\t\t\t\t\t\t<div class=\"elementor-button-wrapper\">\n\t\t\t\t\t<a class=\"elementor-button elementor-button-link elementor-size-sm\" href=\"https:\/\/sunvig.com\/en\/concepts\/pop-up\/\">\n\t\t\t\t\t\t<span class=\"elementor-button-content-wrapper\">\n\t\t\t\t\t\t\t\t\t<span class=\"elementor-button-text\">Scopri di pi\u00f9<\/span>\n\t\t\t\t\t<\/span>\n\t\t\t\t\t<\/a>\n\t\t\t\t<\/div>\n\t\t\t\t\t\t\t\t<\/div>\n\t\t\t\t<\/div>\n\t\t\t\t\t<\/div>\n\t\t\t\t<\/div>\n\t\t\t\t<\/div>\n\t\t\t\t<\/div>\n\t\t\t\t\t<\/div>\n\t\t\t\t<\/div>\n\t\t\t\t\t<\/div>\n\t\t\t\t<\/div>\n\t\t\t\t<\/div>\n\t\t","protected":false},"excerpt":{"rendered":"<p>Concetti di Karaoke Aumenta il tuo business con l&#8217;intrattenimento sociale Il karaoke \u00e8 una soluzione perfetta per le industrie del tempo libero, dell&#8217;ospitalit\u00e0 e del commercio al dettaglio, e pu\u00f2 essere applicato come intrattenimento in vari concetti. SUNVIG offre diverse soluzioni che soddisfano le esigenze del mercato e possono aiutarti a implementare vari concetti, che [&hellip;]<\/p>\n","protected":false},"author":2,"featured_media":8846,"parent":0,"menu_order":0,"comment_status":"closed","ping_status":"closed","template":"","meta":{"_acf_changed":false,"_improvement_type_select":"improve_an_existing","_thumb_yes_seoaic":false,"_frame_yes_seoaic":false,"seoaic_generate_description":"","seoaic_improve_instructions_prompt":"","seoaic_rollback_content_improvement":"","seoaic_idea_thumbnail_generator":"","thumbnail_generated":false,"thumbnail_generate_prompt":"","seoaic_article_description":"","footnotes":""},"class_list":["post-8656","page","type-page","status-publish","has-post-thumbnail","hentry"],"acf":[],"yoast_head":"<!-- This site is optimized with the Yoast SEO Premium plugin v25.3.1 (Yoast SEO v27.1.1) - https:\/\/yoast.com\/product\/yoast-seo-premium-wordpress\/ -->\n<title>Concetti - SUNVIG<\/title>\n<meta name=\"robots\" content=\"index, follow, max-snippet:-1, max-image-preview:large, max-video-preview:-1\" \/>\n<link rel=\"canonical\" href=\"https:\/\/sunvig.com\/it\/concetti\/\" \/>\n<meta property=\"og:locale\" content=\"it_IT\" \/>\n<meta property=\"og:type\" content=\"article\" \/>\n<meta property=\"og:title\" content=\"Concetti\" \/>\n<meta property=\"og:description\" content=\"Concetti di Karaoke Aumenta il tuo business con l&#8217;intrattenimento sociale Il karaoke \u00e8 una soluzione perfetta per le industrie del tempo libero, dell&#8217;ospitalit\u00e0 e del commercio al dettaglio, e pu\u00f2 essere applicato come intrattenimento in vari concetti. SUNVIG offre diverse soluzioni che soddisfano le esigenze del mercato e possono aiutarti a implementare vari concetti, che [&hellip;]\" \/>\n<meta property=\"og:url\" content=\"https:\/\/sunvig.com\/it\/concetti\/\" \/>\n<meta property=\"og:site_name\" content=\"SUNVIG\" \/>\n<meta property=\"article:modified_time\" content=\"2025-03-03T13:34:18+00:00\" \/>\n<meta name=\"twitter:card\" content=\"summary_large_image\" \/>\n<meta name=\"twitter:label1\" content=\"Tempo di lettura stimato\" \/>\n\t<meta name=\"twitter:data1\" content=\"1 minuto\" \/>\n<script type=\"application\/ld+json\" class=\"yoast-schema-graph\">{\"@context\":\"https:\/\/schema.org\",\"@graph\":[{\"@type\":\"WebPage\",\"@id\":\"https:\/\/sunvig.com\/it\/concetti\/\",\"url\":\"https:\/\/sunvig.com\/it\/concetti\/\",\"name\":\"Concetti - SUNVIG\",\"isPartOf\":{\"@id\":\"https:\/\/sunvig.com\/it\/#website\"},\"primaryImageOfPage\":{\"@id\":\"https:\/\/sunvig.com\/it\/concetti\/#primaryimage\"},\"image\":{\"@id\":\"https:\/\/sunvig.com\/it\/concetti\/#primaryimage\"},\"thumbnailUrl\":\"https:\/\/sunvig.com\/wp-content\/uploads\/2024\/10\/Karaoke-kamer-1.webp\",\"datePublished\":\"2024-10-13T15:32:47+00:00\",\"dateModified\":\"2025-03-03T13:34:18+00:00\",\"breadcrumb\":{\"@id\":\"https:\/\/sunvig.com\/it\/concetti\/#breadcrumb\"},\"inLanguage\":\"it-IT\",\"potentialAction\":[{\"@type\":\"ReadAction\",\"target\":[\"https:\/\/sunvig.com\/it\/concetti\/\"]}]},{\"@type\":\"ImageObject\",\"inLanguage\":\"it-IT\",\"@id\":\"https:\/\/sunvig.com\/it\/concetti\/#primaryimage\",\"url\":\"https:\/\/sunvig.com\/wp-content\/uploads\/2024\/10\/Karaoke-kamer-1.webp\",\"contentUrl\":\"https:\/\/sunvig.com\/wp-content\/uploads\/2024\/10\/Karaoke-kamer-1.webp\",\"width\":1900,\"height\":1266,\"caption\":\"SUNVIG explains what makes a professional karaoke system\"},{\"@type\":\"BreadcrumbList\",\"@id\":\"https:\/\/sunvig.com\/it\/concetti\/#breadcrumb\",\"itemListElement\":[{\"@type\":\"ListItem\",\"position\":1,\"name\":\"Home\",\"item\":\"https:\/\/sunvig.com\/it\/home\/\"},{\"@type\":\"ListItem\",\"position\":2,\"name\":\"Concetti\"}]},{\"@type\":\"WebSite\",\"@id\":\"https:\/\/sunvig.com\/it\/#website\",\"url\":\"https:\/\/sunvig.com\/it\/\",\"name\":\"SUNVIG\",\"description\":\"Karaoke Solutions\",\"potentialAction\":[{\"@type\":\"SearchAction\",\"target\":{\"@type\":\"EntryPoint\",\"urlTemplate\":\"https:\/\/sunvig.com\/it\/?s={search_term_string}\"},\"query-input\":{\"@type\":\"PropertyValueSpecification\",\"valueRequired\":true,\"valueName\":\"search_term_string\"}}],\"inLanguage\":\"it-IT\"}]}<\/script>\n<!-- \/ Yoast SEO Premium plugin. -->","yoast_head_json":{"title":"Concetti - SUNVIG","robots":{"index":"index","follow":"follow","max-snippet":"max-snippet:-1","max-image-preview":"max-image-preview:large","max-video-preview":"max-video-preview:-1"},"canonical":"https:\/\/sunvig.com\/it\/concetti\/","og_locale":"it_IT","og_type":"article","og_title":"Concetti","og_description":"Concetti di Karaoke Aumenta il tuo business con l&#8217;intrattenimento sociale Il karaoke \u00e8 una soluzione perfetta per le industrie del tempo libero, dell&#8217;ospitalit\u00e0 e del commercio al dettaglio, e pu\u00f2 essere applicato come intrattenimento in vari concetti. SUNVIG offre diverse soluzioni che soddisfano le esigenze del mercato e possono aiutarti a implementare vari concetti, che [&hellip;]","og_url":"https:\/\/sunvig.com\/it\/concetti\/","og_site_name":"SUNVIG","article_modified_time":"2025-03-03T13:34:18+00:00","twitter_card":"summary_large_image","twitter_misc":{"Tempo di lettura stimato":"1 minuto"},"schema":{"@context":"https:\/\/schema.org","@graph":[{"@type":"WebPage","@id":"https:\/\/sunvig.com\/it\/concetti\/","url":"https:\/\/sunvig.com\/it\/concetti\/","name":"Concetti - SUNVIG","isPartOf":{"@id":"https:\/\/sunvig.com\/it\/#website"},"primaryImageOfPage":{"@id":"https:\/\/sunvig.com\/it\/concetti\/#primaryimage"},"image":{"@id":"https:\/\/sunvig.com\/it\/concetti\/#primaryimage"},"thumbnailUrl":"https:\/\/sunvig.com\/wp-content\/uploads\/2024\/10\/Karaoke-kamer-1.webp","datePublished":"2024-10-13T15:32:47+00:00","dateModified":"2025-03-03T13:34:18+00:00","breadcrumb":{"@id":"https:\/\/sunvig.com\/it\/concetti\/#breadcrumb"},"inLanguage":"it-IT","potentialAction":[{"@type":"ReadAction","target":["https:\/\/sunvig.com\/it\/concetti\/"]}]},{"@type":"ImageObject","inLanguage":"it-IT","@id":"https:\/\/sunvig.com\/it\/concetti\/#primaryimage","url":"https:\/\/sunvig.com\/wp-content\/uploads\/2024\/10\/Karaoke-kamer-1.webp","contentUrl":"https:\/\/sunvig.com\/wp-content\/uploads\/2024\/10\/Karaoke-kamer-1.webp","width":1900,"height":1266,"caption":"SUNVIG explains what makes a professional karaoke system"},{"@type":"BreadcrumbList","@id":"https:\/\/sunvig.com\/it\/concetti\/#breadcrumb","itemListElement":[{"@type":"ListItem","position":1,"name":"Home","item":"https:\/\/sunvig.com\/it\/home\/"},{"@type":"ListItem","position":2,"name":"Concetti"}]},{"@type":"WebSite","@id":"https:\/\/sunvig.com\/it\/#website","url":"https:\/\/sunvig.com\/it\/","name":"SUNVIG","description":"Karaoke Solutions","potentialAction":[{"@type":"SearchAction","target":{"@type":"EntryPoint","urlTemplate":"https:\/\/sunvig.com\/it\/?s={search_term_string}"},"query-input":{"@type":"PropertyValueSpecification","valueRequired":true,"valueName":"search_term_string"}}],"inLanguage":"it-IT"}]}},"_links":{"self":[{"href":"https:\/\/sunvig.com\/it\/wp-json\/wp\/v2\/pages\/8656","targetHints":{"allow":["GET"]}}],"collection":[{"href":"https:\/\/sunvig.com\/it\/wp-json\/wp\/v2\/pages"}],"about":[{"href":"https:\/\/sunvig.com\/it\/wp-json\/wp\/v2\/types\/page"}],"author":[{"embeddable":true,"href":"https:\/\/sunvig.com\/it\/wp-json\/wp\/v2\/users\/2"}],"replies":[{"embeddable":true,"href":"https:\/\/sunvig.com\/it\/wp-json\/wp\/v2\/comments?post=8656"}],"version-history":[{"count":1,"href":"https:\/\/sunvig.com\/it\/wp-json\/wp\/v2\/pages\/8656\/revisions"}],"predecessor-version":[{"id":8658,"href":"https:\/\/sunvig.com\/it\/wp-json\/wp\/v2\/pages\/8656\/revisions\/8658"}],"wp:featuredmedia":[{"embeddable":true,"href":"https:\/\/sunvig.com\/it\/wp-json\/wp\/v2\/media\/8846"}],"wp:attachment":[{"href":"https:\/\/sunvig.com\/it\/wp-json\/wp\/v2\/media?parent=8656"}],"curies":[{"name":"wp","href":"https:\/\/api.w.org\/{rel}","templated":true}]}}